{"id":37572,"date":"2026-02-13T14:27:16","date_gmt":"2026-02-13T13:27:16","guid":{"rendered":"https:\/\/www.bordeaux-hotel.com\/?page_id=37572"},"modified":"2026-04-16T15:26:58","modified_gmt":"2026-04-16T13:26:58","slug":"descubrimiento-del-medoc-y-pauillac","status":"publish","type":"page","link":"https:\/\/www.bordeaux-hotel.com\/es\/prepara-tu-estancia\/descubrimiento-del-medoc-y-pauillac\/","title":{"rendered":"Descubrimiento del M\u00e9doc y Pauillac"},"content":{"rendered":"\n<figure class=\"wp-block-image size-large\"><img decoding=\"async\" width=\"1024\" height=\"683\" src=\"https:\/\/www.bordeaux-hotel.com\/wp-content\/uploads\/2024\/03\/offre-exclusive-de-la-ville-a-la-vigne-best-western-premier-hotel-bayonne-etche-ona-bordeaux-pauillac-gironde-1024x683.jpeg\" alt=\"\" class=\"wp-image-34611\" srcset=\"https:\/\/www.bordeaux-hotel.com\/wp-content\/uploads\/2024\/03\/offre-exclusive-de-la-ville-a-la-vigne-best-western-premier-hotel-bayonne-etche-ona-bordeaux-pauillac-gironde-1024x683.jpeg 1024w, https:\/\/www.bordeaux-hotel.com\/wp-content\/uploads\/2024\/03\/offre-exclusive-de-la-ville-a-la-vigne-best-western-premier-hotel-bayonne-etche-ona-bordeaux-pauillac-gironde-300x200.jpeg 300w, https:\/\/www.bordeaux-hotel.com\/wp-content\/uploads\/2024\/03\/offre-exclusive-de-la-ville-a-la-vigne-best-western-premier-hotel-bayonne-etche-ona-bordeaux-pauillac-gironde-768x512.jpeg 768w, https:\/\/www.bordeaux-hotel.com\/wp-content\/uploads\/2024\/03\/offre-exclusive-de-la-ville-a-la-vigne-best-western-premier-hotel-bayonne-etche-ona-bordeaux-pauillac-gironde.jpeg 1280w\" sizes=\"(max-width: 1024px) 100vw, 1024px\" \/><\/figure>\n\n\n\n<div style=\"height:20px\" aria-hidden=\"true\" class=\"wp-block-spacer\"><\/div>\n\n\n\n<h3 class=\"wp-block-heading\">Vaya a conocer una regi\u00f3n de excepci\u00f3n<\/h3>\n\n\n\n<p>Situado entre el oc\u00e9ano Atl\u00e1ntico y el estuario de la Gironda, el M\u00e9doc es reconocido en todo el mundo por la riqueza de sus vi\u00f1edos, la magnificencia de sus castillos y la diversidad de sus paisajes preservados. A solo unos cincuenta kil\u00f3metros de Burdeos, Pauillac, la capital del vino del M\u00e9doc, te invita a una inmersi\u00f3n \u00fanica en el coraz\u00f3n de un territorio excepcional.<\/p>\n\n\n\n<div style=\"height:20px\" aria-hidden=\"true\" class=\"wp-block-spacer\"><\/div>\n\n\n\n<h3 class=\"wp-block-heading\">El M\u00e9doc: una tierra de vi\u00f1edos y naturaleza<\/h3>\n\n\n\n<p>El M\u00e9doc agrupa ocho prestigiosas denominaciones, que incluyen algunos de los m\u00e1s famosos Grandes Crus Clasificados de 1855: Margaux, Saint-Julien, Saint-Est\u00e8phe, y por supuesto Pauillac, que por s\u00ed sola cuenta con tres de los cinco Primeros Crus Clasificados (Ch\u00e2teau Lafite Rothschild, Ch\u00e2teau Latour, Ch\u00e2teau Mouton Rothschild).<\/p>\n\n\n\n<p>Al recorrer la famosa Ruta de los Castillos, tendr\u00e1 la oportunidad de:<\/p>\n\n\n\n<ul class=\"wp-block-list\">\n<li>de visitar las propiedades emblem\u00e1ticas,<\/li>\n\n\n\n<li>de participar en catas comentadas,<\/li>\n\n\n\n<li>de descubrir los secretos del terru\u00f1o medocano.<br><\/li>\n<\/ul>\n\n\n\n<p><\/p>\n\n\n\n<p>Para completar la experiencia, varias propiedades tambi\u00e9n ofrecen recorridos enotur\u00edsticos, talleres de ensamblaje o paseos por los vi\u00f1edos.<\/p>\n\n\n\n<div style=\"height:20px\" aria-hidden=\"true\" class=\"wp-block-spacer\"><\/div>\n\n\n\n<h3 class=\"wp-block-heading\">Pauillac: capital del M\u00e9doc vitivin\u00edcola<\/h3>\n\n\n\n<p>Ubicada a orillas del estuario de la Gironda, Pauillac es el punto de partida ideal para explorar las riquezas del territorio:<\/p>\n\n\n\n<ul class=\"wp-block-list\">\n<li>Pasee por el puerto deportivo frente a las famosas islas de la Gironda.<\/li>\n\n\n\n<li>Salga en bicicleta hasta los faros y fuertes clasificados por la UNESCO.<\/li>\n\n\n\n<li>Visite el pueblo y sus peque\u00f1as calles t\u00edpicas.<br><\/li>\n<\/ul>\n\n\n\n<p><\/p>\n\n\n\n<p>No se pierda la Casa del Turismo y del Vino para organizar sus visitas y disfrutar de la diversidad de los vinos locales.<\/p>\n\n\n\n<p>\ud83d\udc49 Descubra nuestro segundo establecimiento: el <a href=\"https:\/\/desvignesetdesanges.com\/es\/bienvenido\/\" target=\"_blank\" rel=\"noreferrer noopener\">Best Western Premier &#8211; H\u00f4tel des Vignes et des Anges de Pauillac, hotel 4 estrellas<\/a><br>\ud83d\udc49 Aproveche nuestra <a href=\"https:\/\/www.bordeaux-hotel.com\/es\/ofertas-actuales\/oferta-de-la-ciudad-a-la-vina\/\" target=\"_blank\" rel=\"noreferrer noopener\">oferta especial &#8220;De la ciudad a la vi\u00f1a&#8221; y salga a descubrir el M\u00e9doc<\/a><\/p>\n\n\n\n<div style=\"height:20px\" aria-hidden=\"true\" class=\"wp-block-spacer\"><\/div>\n\n\n\n<h3 class=\"wp-block-heading\">Escapada gastron\u00f3mica y descubrimiento<\/h3>\n\n\n\n<p>La gastronom\u00eda del M\u00e9doc es un imprescindible en cualquier estancia en la regi\u00f3n. Las mesas del M\u00e9doc destacan productos regionales: cordero de Pauillac, pescados del estuario, esp\u00e1rragos, especialidades con foie gras, y por supuesto, maridajes perfectos con los vinos de la zona.<br>Pauillac est\u00e1 lleno de buenos lugares para un almuerzo en el puerto, una cena refinada o una pausa gourmet entre dos visitas a los castillos.<\/p>\n\n\n\n<p>\ud83d\udc49 Descubra <a href=\"https:\/\/desvignesetdesanges.com\/gastronomie-medocaine-que-manger-a-pauillac-et-alentours\/\" target=\"_blank\" rel=\"noreferrer noopener\">nuestro art\u00edculo dedicado a la gastronom\u00eda de M\u00e9doc<\/a><br>\ud83d\udc49 Reserve tu mesa en <a href=\"https:\/\/app.overfull.fr\/booking-v2\/?key_id=QmmRTRHRLot&amp;source=Web\" target=\"_blank\" rel=\"noreferrer noopener\">el Bistro des Vignes, un restaurante imprescindible de Pauillac<\/a>, ubicado frente al puerto con vista al estuario de la Gironda<\/p>\n\n\n\n<div style=\"height:20px\" aria-hidden=\"true\" class=\"wp-block-spacer\"><\/div>\n\n\n\n<h3 class=\"wp-block-heading\">Ocio, naturaleza y patrimonio<\/h3>\n\n\n\n<p>El M\u00e9doc seduce tanto por su patrimonio como por su naturaleza preservada:<\/p>\n\n\n\n<ul class=\"wp-block-list\">\n<li>Ba\u00f1o o surf en las playas del Atl\u00e1ntico (Soulac, Montalivet, Carcans)<\/li>\n\n\n\n<li>Paseos por el bosque, rutas en bicicleta por la V\u00e9lodyss\u00e9e<\/li>\n\n\n\n<li>Descubrimiento de los pantanos y reservas naturales, observaci\u00f3n de aves<\/li>\n\n\n\n<li>Visita de los fuertes y faros alrededor de Pauillac, testimonios de la historia local<br><\/li>\n<\/ul>\n\n\n\n<p><\/p>\n\n\n\n<p>El territorio ofrece durante todo el a\u00f1o eventos culturales, enol\u00f3gicos y gastron\u00f3micos que marcan la temporada y garantizan una experiencia rica y aut\u00e9ntica.<\/p>\n\n\n\n<div style=\"height:20px\" aria-hidden=\"true\" class=\"wp-block-spacer\"><\/div>\n\n\n\n<h3 class=\"wp-block-heading\">Informaci\u00f3n pr\u00e1ctica y organizaci\u00f3n de su estancia<\/h3>\n\n\n\n<p>Desde el Best Western Premier &#8211; H\u00f4tel Bayonne Etche-Ona, llegue a Pauillac y el M\u00e9doc:<\/p>\n\n\n\n<ul class=\"wp-block-list\">\n<li>En coche: 1h desde Burdeos por la D2 (Ruta de los Castillos)<\/li>\n\n\n\n<li>En tren: 1h gracias al TER Bordeaux &gt; Pauillac<\/li>\n\n\n\n<li>En excursi\u00f3n privada u organizada desde Burdeos (inf\u00f3rmese en nuestra Recepci\u00f3n)<br><\/li>\n<\/ul>\n\n\n\n<p><\/p>\n\n\n\n<p>Nuestro equipo est\u00e1 a su disposici\u00f3n para asesorarle en la reserva de una visita, la organizaci\u00f3n de una degustaci\u00f3n o el descubrimiento de experiencias originales en el coraz\u00f3n del vi\u00f1edo del M\u00e9doc.<\/p>\n\n\n\n<div style=\"height:20px\" aria-hidden=\"true\" class=\"wp-block-spacer\"><\/div>\n\n\n\n<h3 class=\"wp-block-heading\">Para ir m\u00e1s all\u00e1<\/h3>\n\n\n\n<ul class=\"wp-block-list\">\n<li><a href=\"https:\/\/desvignesetdesanges.com\/pauillac-guide-complet-pour-decouvrir-la-capitale-des-grands-vins-du-medoc\/\" target=\"_blank\" rel=\"noreferrer noopener\">Pauillac: gu\u00eda completa para descubrir la capital de los grandes vinos del M\u00e9doc<\/a><\/li>\n\n\n\n<li><a href=\"https:\/\/desvignesetdesanges.com\/experiences\/\" target=\"_blank\" rel=\"noreferrer noopener\">Las experiencias para vivir en Pauillac<\/a><\/li>\n<\/ul>\n\n\n\n<div style=\"height:53px\" aria-hidden=\"true\" class=\"wp-block-spacer\"><\/div>\n\n\n\n<p><\/p>\n\n\n\n<div class=\"wp-block-buttons is-layout-flex wp-block-buttons-is-layout-flex\">\n<div class=\"wp-block-button\"><a class=\"wp-block-button__link wp-element-button\" href=\"https:\/\/www.bordeaux-hotel.com\/es\/servicios-servicios-del-hotel\/durante-su-estancia\/\" target=\"_blank\" rel=\"noreferrer noopener\">Ver todos nuestros estancias<\/a><\/div>\n<\/div>\n\n\n\n<div class=\"wp-block-buttons is-layout-flex wp-block-buttons-is-layout-flex\">\n<div class=\"wp-block-button is-style-outline is-style-outline--1\"><a class=\"wp-block-button__link wp-element-button\" href=\"https:\/\/www.secure-hotel-booking.com\/smart\/Bw-Bordeaux-Bayonne-Etche-Ona\/JRYX\/fr\" target=\"_blank\" rel=\"noreferrer noopener\">Reservar su habitaci\u00f3n<\/a><\/div>\n<\/div>\n\n\n\n<p><\/p>\n\n\n\n<p>Para reservar uno de nuestros estancias, le invitamos primero a reservar su habitaci\u00f3n. Para m\u00e1s informaci\u00f3n o para la organizaci\u00f3n de su d\u00eda, el equipo del Best Western Premier H\u00f4tel Bayonne Etche-Ona de Burdeos est\u00e1 a su disposici\u00f3n.<\/p>\n\n\n\n<p><\/p>\n","protected":false},"excerpt":{"rendered":"<p>Vaya a conocer una regi\u00f3n de excepci\u00f3n Situado entre el oc\u00e9ano Atl\u00e1ntico y el estuario de la Gironda, el M\u00e9doc es reconocido en todo el mundo por la riqueza de sus vi\u00f1edos, la magnificencia de sus castillos y la diversidad de sus paisajes preservados. A solo unos cincuenta kil\u00f3metros de Burdeos, Pauillac, la capital del &hellip; <a href=\"https:\/\/www.bordeaux-hotel.com\/es\/prepara-tu-estancia\/descubrimiento-del-medoc-y-pauillac\/\">Continued<\/a><\/p>\n","protected":false},"author":3,"featured_media":0,"parent":1325,"menu_order":0,"comment_status":"closed","ping_status":"closed","template":"","meta":{"_acf_changed":false,"footnotes":""},"class_list":["post-37572","page","type-page","status-publish","hentry"],"acf":[],"yoast_head":"<!-- This site is optimized with the Yoast SEO plugin v25.3 - https:\/\/yoast.com\/wordpress\/plugins\/seo\/ -->\n<title>Descubrimiento del M\u00e9doc y Pauillac - H\u00f4tel Bordeaux HBEO<\/title>\n<meta name=\"robots\" content=\"index, follow, max-snippet:-1, max-image-preview:large, max-video-preview:-1\" \/>\n<link rel=\"canonical\" href=\"https:\/\/www.bordeaux-hotel.com\/es\/prepara-tu-estancia\/descubrimiento-del-medoc-y-pauillac\/\" \/>\n<meta property=\"og:locale\" content=\"es_ES\" \/>\n<meta property=\"og:type\" content=\"article\" \/>\n<meta property=\"og:title\" content=\"Descubrimiento del M\u00e9doc y Pauillac - H\u00f4tel Bordeaux HBEO\" \/>\n<meta property=\"og:description\" content=\"Vaya a conocer una regi\u00f3n de excepci\u00f3n Situado entre el oc\u00e9ano Atl\u00e1ntico y el estuario de la Gironda, el M\u00e9doc es reconocido en todo el mundo por la riqueza de sus vi\u00f1edos, la magnificencia de sus castillos y la diversidad de sus paisajes preservados. A solo unos cincuenta kil\u00f3metros de Burdeos, Pauillac, la capital del &hellip; Continued\" \/>\n<meta property=\"og:url\" content=\"https:\/\/www.bordeaux-hotel.com\/es\/prepara-tu-estancia\/descubrimiento-del-medoc-y-pauillac\/\" \/>\n<meta property=\"og:site_name\" content=\"H\u00f4tel Bordeaux HBEO\" \/>\n<meta property=\"article:modified_time\" content=\"2026-04-16T13:26:58+00:00\" \/>\n<meta property=\"og:image\" content=\"https:\/\/www.bordeaux-hotel.com\/wp-content\/uploads\/2024\/03\/offre-exclusive-de-la-ville-a-la-vigne-best-western-premier-hotel-bayonne-etche-ona-bordeaux-pauillac-gironde.jpeg\" \/>\n\t<meta property=\"og:image:width\" content=\"1280\" \/>\n\t<meta property=\"og:image:height\" content=\"854\" \/>\n\t<meta property=\"og:image:type\" content=\"image\/jpeg\" \/>\n<meta name=\"twitter:card\" content=\"summary_large_image\" \/>\n<meta name=\"twitter:label1\" content=\"Est. reading time\" \/>\n\t<meta name=\"twitter:data1\" content=\"4 minutes\" \/>\n<script type=\"application\/ld+json\" class=\"yoast-schema-graph\">{\"@context\":\"https:\/\/schema.org\",\"@graph\":[{\"@type\":\"WebPage\",\"@id\":\"https:\/\/www.bordeaux-hotel.com\/es\/prepara-tu-estancia\/descubrimiento-del-medoc-y-pauillac\/\",\"url\":\"https:\/\/www.bordeaux-hotel.com\/es\/prepara-tu-estancia\/descubrimiento-del-medoc-y-pauillac\/\",\"name\":\"Descubrimiento del M\u00e9doc y Pauillac - H\u00f4tel Bordeaux HBEO\",\"isPartOf\":{\"@id\":\"https:\/\/www.bordeaux-hotel.com\/es\/#website\"},\"primaryImageOfPage\":{\"@id\":\"https:\/\/www.bordeaux-hotel.com\/es\/prepara-tu-estancia\/descubrimiento-del-medoc-y-pauillac\/#primaryimage\"},\"image\":{\"@id\":\"https:\/\/www.bordeaux-hotel.com\/es\/prepara-tu-estancia\/descubrimiento-del-medoc-y-pauillac\/#primaryimage\"},\"thumbnailUrl\":\"https:\/\/www.bordeaux-hotel.com\/wp-content\/uploads\/2024\/03\/offre-exclusive-de-la-ville-a-la-vigne-best-western-premier-hotel-bayonne-etche-ona-bordeaux-pauillac-gironde-1024x683.jpeg\",\"datePublished\":\"2026-02-13T13:27:16+00:00\",\"dateModified\":\"2026-04-16T13:26:58+00:00\",\"breadcrumb\":{\"@id\":\"https:\/\/www.bordeaux-hotel.com\/es\/prepara-tu-estancia\/descubrimiento-del-medoc-y-pauillac\/#breadcrumb\"},\"inLanguage\":\"es-ES\",\"potentialAction\":[{\"@type\":\"ReadAction\",\"target\":[\"https:\/\/www.bordeaux-hotel.com\/es\/prepara-tu-estancia\/descubrimiento-del-medoc-y-pauillac\/\"]}]},{\"@type\":\"ImageObject\",\"inLanguage\":\"es-ES\",\"@id\":\"https:\/\/www.bordeaux-hotel.com\/es\/prepara-tu-estancia\/descubrimiento-del-medoc-y-pauillac\/#primaryimage\",\"url\":\"https:\/\/www.bordeaux-hotel.com\/wp-content\/uploads\/2024\/03\/offre-exclusive-de-la-ville-a-la-vigne-best-western-premier-hotel-bayonne-etche-ona-bordeaux-pauillac-gironde-1024x683.jpeg\",\"contentUrl\":\"https:\/\/www.bordeaux-hotel.com\/wp-content\/uploads\/2024\/03\/offre-exclusive-de-la-ville-a-la-vigne-best-western-premier-hotel-bayonne-etche-ona-bordeaux-pauillac-gironde-1024x683.jpeg\"},{\"@type\":\"BreadcrumbList\",\"@id\":\"https:\/\/www.bordeaux-hotel.com\/es\/prepara-tu-estancia\/descubrimiento-del-medoc-y-pauillac\/#breadcrumb\",\"itemListElement\":[{\"@type\":\"ListItem\",\"position\":1,\"name\":\"Accueil\",\"item\":\"https:\/\/www.bordeaux-hotel.com\/es\/\"},{\"@type\":\"ListItem\",\"position\":2,\"name\":\"Prepara su estancia\",\"item\":\"https:\/\/www.bordeaux-hotel.com\/es\/prepara-tu-estancia\/\"},{\"@type\":\"ListItem\",\"position\":3,\"name\":\"Descubrimiento del M\u00e9doc y Pauillac\"}]},{\"@type\":\"WebSite\",\"@id\":\"https:\/\/www.bordeaux-hotel.com\/es\/#website\",\"url\":\"https:\/\/www.bordeaux-hotel.com\/es\/\",\"name\":\"H\u00f4tel Bordeaux HBEO\",\"description\":\"Chambres d&#039;h\u00f4tel 4 \u00e9toiles centre ville de Bordeaux\",\"potentialAction\":[{\"@type\":\"SearchAction\",\"target\":{\"@type\":\"EntryPoint\",\"urlTemplate\":\"https:\/\/www.bordeaux-hotel.com\/es\/?s={search_term_string}\"},\"query-input\":{\"@type\":\"PropertyValueSpecification\",\"valueRequired\":true,\"valueName\":\"search_term_string\"}}],\"inLanguage\":\"es-ES\"}]}<\/script>\n<!-- \/ Yoast SEO plugin. -->","yoast_head_json":{"title":"Descubrimiento del M\u00e9doc y Pauillac - H\u00f4tel Bordeaux HBEO","robots":{"index":"index","follow":"follow","max-snippet":"max-snippet:-1","max-image-preview":"max-image-preview:large","max-video-preview":"max-video-preview:-1"},"canonical":"https:\/\/www.bordeaux-hotel.com\/es\/prepara-tu-estancia\/descubrimiento-del-medoc-y-pauillac\/","og_locale":"es_ES","og_type":"article","og_title":"Descubrimiento del M\u00e9doc y Pauillac - H\u00f4tel Bordeaux HBEO","og_description":"Vaya a conocer una regi\u00f3n de excepci\u00f3n Situado entre el oc\u00e9ano Atl\u00e1ntico y el estuario de la Gironda, el M\u00e9doc es reconocido en todo el mundo por la riqueza de sus vi\u00f1edos, la magnificencia de sus castillos y la diversidad de sus paisajes preservados. A solo unos cincuenta kil\u00f3metros de Burdeos, Pauillac, la capital del &hellip; Continued","og_url":"https:\/\/www.bordeaux-hotel.com\/es\/prepara-tu-estancia\/descubrimiento-del-medoc-y-pauillac\/","og_site_name":"H\u00f4tel Bordeaux HBEO","article_modified_time":"2026-04-16T13:26:58+00:00","og_image":[{"width":1280,"height":854,"url":"https:\/\/www.bordeaux-hotel.com\/wp-content\/uploads\/2024\/03\/offre-exclusive-de-la-ville-a-la-vigne-best-western-premier-hotel-bayonne-etche-ona-bordeaux-pauillac-gironde.jpeg","type":"image\/jpeg"}],"twitter_card":"summary_large_image","twitter_misc":{"Est. reading time":"4 minutes"},"schema":{"@context":"https:\/\/schema.org","@graph":[{"@type":"WebPage","@id":"https:\/\/www.bordeaux-hotel.com\/es\/prepara-tu-estancia\/descubrimiento-del-medoc-y-pauillac\/","url":"https:\/\/www.bordeaux-hotel.com\/es\/prepara-tu-estancia\/descubrimiento-del-medoc-y-pauillac\/","name":"Descubrimiento del M\u00e9doc y Pauillac - H\u00f4tel Bordeaux HBEO","isPartOf":{"@id":"https:\/\/www.bordeaux-hotel.com\/es\/#website"},"primaryImageOfPage":{"@id":"https:\/\/www.bordeaux-hotel.com\/es\/prepara-tu-estancia\/descubrimiento-del-medoc-y-pauillac\/#primaryimage"},"image":{"@id":"https:\/\/www.bordeaux-hotel.com\/es\/prepara-tu-estancia\/descubrimiento-del-medoc-y-pauillac\/#primaryimage"},"thumbnailUrl":"https:\/\/www.bordeaux-hotel.com\/wp-content\/uploads\/2024\/03\/offre-exclusive-de-la-ville-a-la-vigne-best-western-premier-hotel-bayonne-etche-ona-bordeaux-pauillac-gironde-1024x683.jpeg","datePublished":"2026-02-13T13:27:16+00:00","dateModified":"2026-04-16T13:26:58+00:00","breadcrumb":{"@id":"https:\/\/www.bordeaux-hotel.com\/es\/prepara-tu-estancia\/descubrimiento-del-medoc-y-pauillac\/#breadcrumb"},"inLanguage":"es-ES","potentialAction":[{"@type":"ReadAction","target":["https:\/\/www.bordeaux-hotel.com\/es\/prepara-tu-estancia\/descubrimiento-del-medoc-y-pauillac\/"]}]},{"@type":"ImageObject","inLanguage":"es-ES","@id":"https:\/\/www.bordeaux-hotel.com\/es\/prepara-tu-estancia\/descubrimiento-del-medoc-y-pauillac\/#primaryimage","url":"https:\/\/www.bordeaux-hotel.com\/wp-content\/uploads\/2024\/03\/offre-exclusive-de-la-ville-a-la-vigne-best-western-premier-hotel-bayonne-etche-ona-bordeaux-pauillac-gironde-1024x683.jpeg","contentUrl":"https:\/\/www.bordeaux-hotel.com\/wp-content\/uploads\/2024\/03\/offre-exclusive-de-la-ville-a-la-vigne-best-western-premier-hotel-bayonne-etche-ona-bordeaux-pauillac-gironde-1024x683.jpeg"},{"@type":"BreadcrumbList","@id":"https:\/\/www.bordeaux-hotel.com\/es\/prepara-tu-estancia\/descubrimiento-del-medoc-y-pauillac\/#breadcrumb","itemListElement":[{"@type":"ListItem","position":1,"name":"Accueil","item":"https:\/\/www.bordeaux-hotel.com\/es\/"},{"@type":"ListItem","position":2,"name":"Prepara su estancia","item":"https:\/\/www.bordeaux-hotel.com\/es\/prepara-tu-estancia\/"},{"@type":"ListItem","position":3,"name":"Descubrimiento del M\u00e9doc y Pauillac"}]},{"@type":"WebSite","@id":"https:\/\/www.bordeaux-hotel.com\/es\/#website","url":"https:\/\/www.bordeaux-hotel.com\/es\/","name":"H\u00f4tel Bordeaux HBEO","description":"Chambres d&#039;h\u00f4tel 4 \u00e9toiles centre ville de Bordeaux","potentialAction":[{"@type":"SearchAction","target":{"@type":"EntryPoint","urlTemplate":"https:\/\/www.bordeaux-hotel.com\/es\/?s={search_term_string}"},"query-input":{"@type":"PropertyValueSpecification","valueRequired":true,"valueName":"search_term_string"}}],"inLanguage":"es-ES"}]}},"_links":{"self":[{"href":"https:\/\/www.bordeaux-hotel.com\/es\/wp-json\/wp\/v2\/pages\/37572","targetHints":{"allow":["GET"]}}],"collection":[{"href":"https:\/\/www.bordeaux-hotel.com\/es\/wp-json\/wp\/v2\/pages"}],"about":[{"href":"https:\/\/www.bordeaux-hotel.com\/es\/wp-json\/wp\/v2\/types\/page"}],"author":[{"embeddable":true,"href":"https:\/\/www.bordeaux-hotel.com\/es\/wp-json\/wp\/v2\/users\/3"}],"replies":[{"embeddable":true,"href":"https:\/\/www.bordeaux-hotel.com\/es\/wp-json\/wp\/v2\/comments?post=37572"}],"version-history":[{"count":3,"href":"https:\/\/www.bordeaux-hotel.com\/es\/wp-json\/wp\/v2\/pages\/37572\/revisions"}],"predecessor-version":[{"id":37696,"href":"https:\/\/www.bordeaux-hotel.com\/es\/wp-json\/wp\/v2\/pages\/37572\/revisions\/37696"}],"up":[{"embeddable":true,"href":"https:\/\/www.bordeaux-hotel.com\/es\/wp-json\/wp\/v2\/pages\/1325"}],"wp:attachment":[{"href":"https:\/\/www.bordeaux-hotel.com\/es\/wp-json\/wp\/v2\/media?parent=37572"}],"curies":[{"name":"wp","href":"https:\/\/api.w.org\/{rel}","templated":true}]}}