{"id":1468,"date":"2022-10-31T15:17:24","date_gmt":"2022-10-31T14:17:24","guid":{"rendered":"https:\/\/hbeo2022.compagnie-hyperactive.net\/?page_id=1468"},"modified":"2025-07-31T11:26:38","modified_gmt":"2025-07-31T09:26:38","slug":"restauracion-y-snacking","status":"publish","type":"page","link":"https:\/\/www.bordeaux-hotel.com\/es\/servicios-servicios-del-hotel\/restauracion-y-snacking\/","title":{"rendered":"Restauraci\u00f3n y Snacking"},"content":{"rendered":"<div class=\"title-text wp-block-title-text\">\n  <div class=\"container\">\n    <h2 class=\"title-text__title\">Servicio de desayuno<\/h2>\n\n    <div class=\"title-text__content\">\n      \n\n<p>Nuestros desayunos gourmet se ofrecen en forma de buffet y se sirven en nuestros salones, seg\u00fan disponibilidad.<\/p>\n\n\n\n<p>Nuestro desayuno buffet \u00ab Franc\u00e9s\u00bb se sirve en uno de nuestros salones de 7 a 11 de la ma\u00f1ana con un coste de 18\u20ac\/persona.<\/p>\n\n\n\n<p><\/p>\n\n\n\n<figure class=\"wp-block-image size-full\"><img decoding=\"async\" width=\"178\" height=\"40\" src=\"https:\/\/www.bordeaux-hotel.com\/wp-content\/uploads\/2022\/12\/breakfast.png\" alt=\"\" class=\"wp-image-2110\"\/><\/figure>\n\n\n\n<p><\/p>\n\n\n\n<p>Se compone de los siguientes elementos:<\/p>\n\n\n\n<ul class=\"wp-block-list\">\n<li><strong>BEBIDAS<\/strong>: caf\u00e9 100% Ar\u00e1bica, expresso, capuchino, surtido de t\u00e9s e infusiones de primera calidad, chocolate caliente, zumo de naranja 100% puro, zumo de manzana, zumo de pomelo, leche de soja<\/li>\n\n\n\n<li><strong>PANADER\u00cdA Y PASTELER\u00cdA ARTESANAL:<\/strong> 2 variedades de pan de masa madre y cereales, pan y pasteles sin gluten, croissants y boller\u00eda de mantequilla pura Len\u00f4tre, crepes<\/li>\n\n\n\n<li><strong>CEREALES<\/strong>: muesli, corn-flakes<\/li>\n\n\n\n<li><strong>PRODUCTOS L\u00c1CTEOS<\/strong>: yogures de fruta ecol\u00f3gicos, yogures naturales, compotas<\/li>\n\n\n\n<li><strong>PRODUCTOS SALADOS:<\/strong> tabla de quesos, jam\u00f3n blanco, jam\u00f3n del pa\u00eds, salchichas a la parrilla, huevos revueltos, huevos ecol\u00f3gicos pasados por agua, verduras<\/li>\n\n\n\n<li><strong>FRUTA DE TEMPORADA<\/strong>: cesta de fruta fresca, fruta cortada, macedonia de fruta ecol\u00f3gica al minuto, frutos secos<\/li>\n\n\n\n<li><strong>ACOMPA\u00d1AMIENTO:<\/strong> este desayuno se sirve siempre con mermeladas a la antigua usanza cocinadas en un caldero, miel, jarabe de arce, chocolate para untar, mantequilla dulce y\/o salada, aceite de oliva, mostaza, az\u00facar moreno ecol\u00f3gico.<\/li>\n<\/ul>\n\n\n\n<p>Para un desayuno servido en su habitaci\u00f3n o suite ofrecemos una selecci\u00f3n de 3 men\u00fas, as\u00ed como productos a la carta (con suplementos):<\/p>\n\n\n\n<ul class=\"wp-block-list\">\n<li>Men\u00fa<strong> \u00ab desayuno Franc\u00e9s \u00bb<\/strong><\/li>\n\n\n\n<li>Men\u00fa<strong> \u00ab desayuno Americano \u00bb<\/strong><\/li>\n\n\n\n<li>Men\u00fa<strong> \u00ab desayuno Fitness \u00bb<\/strong><\/li>\n<\/ul>\n\n\n\n<p>Tambi\u00e9n puede encontrar la carta detallada en nuestros salones de desayuno.<\/p>\n\n\n    <\/div>\n  <\/div>\n<\/div>\n\n\n\n<figure class=\"wp-block-image alignfull size-large\"><img decoding=\"async\" width=\"1024\" height=\"575\" src=\"https:\/\/www.bordeaux-hotel.com\/wp-content\/uploads\/2025\/06\/buffet-zoom-petit-dejeuner-best-western-premier-hotel-bayonne-etche-ona-de-bordeaux-1-1024x575.jpeg\" alt=\"\" class=\"wp-image-37153\" srcset=\"https:\/\/www.bordeaux-hotel.com\/wp-content\/uploads\/2025\/06\/buffet-zoom-petit-dejeuner-best-western-premier-hotel-bayonne-etche-ona-de-bordeaux-1-1024x575.jpeg 1024w, https:\/\/www.bordeaux-hotel.com\/wp-content\/uploads\/2025\/06\/buffet-zoom-petit-dejeuner-best-western-premier-hotel-bayonne-etche-ona-de-bordeaux-1-300x169.jpeg 300w, https:\/\/www.bordeaux-hotel.com\/wp-content\/uploads\/2025\/06\/buffet-zoom-petit-dejeuner-best-western-premier-hotel-bayonne-etche-ona-de-bordeaux-1-768x431.jpeg 768w, https:\/\/www.bordeaux-hotel.com\/wp-content\/uploads\/2025\/06\/buffet-zoom-petit-dejeuner-best-western-premier-hotel-bayonne-etche-ona-de-bordeaux-1-260x146.jpeg 260w, https:\/\/www.bordeaux-hotel.com\/wp-content\/uploads\/2025\/06\/buffet-zoom-petit-dejeuner-best-western-premier-hotel-bayonne-etche-ona-de-bordeaux-1.jpeg 1280w\" sizes=\"(max-width: 1024px) 100vw, 1024px\" \/><\/figure>\n\n\n<div class=\"title-text wp-block-title-text\">\n  <div class=\"container\">\n    <h2 class=\"title-text__title\">Room Service<\/h2>\n\n    <div class=\"title-text__content\">\n      \n\n<figure class=\"wp-block-image size-full\"><img decoding=\"async\" width=\"183\" height=\"42\" src=\"https:\/\/www.bordeaux-hotel.com\/wp-content\/uploads\/2022\/12\/room-service-HBEO.png\" alt=\"\" class=\"wp-image-2137\"\/><\/figure>\n\n\n\n<p><br>\u00bfPrefiere la tranquilidad de su habitaci\u00f3n o la de uno de nuestros salones para comer o cenar? \u00a1Esto es posible!<\/p>\n\n\n\n<p>Nuestro servicio de restauraci\u00f3n est\u00e1 disponible para todos nuestros clientes. Este servicio est\u00e1 disponible las 24 horas del d\u00eda para la residencia \u00ab Bayonne\u00bb, y de 07:00 a 22.30 h en el de \u00abEtche-Ona\u00bb.<\/p>\n\n\n\n<div class=\"wp-block-buttons is-layout-flex wp-block-buttons-is-layout-flex\">\n<div class=\"wp-block-button\"><a class=\"wp-block-button__link wp-element-button\" href=\"https:\/\/www.bordeaux-hotel.com\/wp-content\/uploads\/2023\/01\/20210310-carte-room-service-best-western-hotel-bayonne-etche-ona-de-bordeaux.pdf\" target=\"_blank\" rel=\"noreferrer noopener\">Descubra la carta de nuestro Room Service<\/a><\/div>\n<\/div>\n\n\n\n<div class=\"wp-block-buttons is-layout-flex wp-block-buttons-is-layout-flex\">\n<div class=\"wp-block-button\"><a class=\"wp-block-button__link wp-element-button\" href=\"https:\/\/docs.google.com\/spreadsheets\/d\/e\/2PACX-1vQhZJO-JBRUHZky5lHaaZsGgSP6bkenJd2p8-hrrKMbU9LsP47S2lZ852NJbELmlsVctYXcez3baotZ\/pubhtml\" target=\"_blank\" rel=\"noreferrer noopener\">DESCUBRA LA CARTA DEL BAR<\/a><\/div>\n<\/div>\n\n\n\n<p><br>Encontrar\u00e1 una lista de nuestros men\u00fas, entrantes, platos principales y postres para una comida completa.<\/p>\n\n\n\n<p>\u00bfSimplemente tiene hambre a mitad de la ma\u00f1ana o de la tarde? Esta carta tambi\u00e9n ofrece ligeros aperitivos dulces y salados.<\/p>\n\n\n\n<p>\u00bfLe apetece un aperitivo antes de cenar? Tambi\u00e9n encontrar\u00e1 nuestra carta de bebidas (bebidas calientes, fr\u00edas y alcoh\u00f3licas) que completa la oferta del minibar de su habitaci\u00f3n<\/p>\n\n\n    <\/div>\n  <\/div>\n<\/div>\n","protected":false},"excerpt":{"rendered":"","protected":false},"author":5,"featured_media":0,"parent":1410,"menu_order":0,"comment_status":"closed","ping_status":"closed","template":"","meta":{"_acf_changed":false,"footnotes":""},"class_list":["post-1468","page","type-page","status-publish","hentry"],"acf":[],"yoast_head":"<!-- This site is optimized with the Yoast SEO plugin v25.3 - https:\/\/yoast.com\/wordpress\/plugins\/seo\/ -->\n<title>Restauraci\u00f3n y Snacking - H\u00f4tel Bordeaux HBEO<\/title>\n<meta name=\"robots\" content=\"index, follow, max-snippet:-1, max-image-preview:large, max-video-preview:-1\" \/>\n<link rel=\"canonical\" href=\"https:\/\/www.bordeaux-hotel.com\/es\/servicios-servicios-del-hotel\/restauracion-y-snacking\/\" \/>\n<meta property=\"og:locale\" content=\"es_ES\" \/>\n<meta property=\"og:type\" content=\"article\" \/>\n<meta property=\"og:title\" content=\"Restauraci\u00f3n y Snacking - H\u00f4tel Bordeaux HBEO\" \/>\n<meta property=\"og:url\" content=\"https:\/\/www.bordeaux-hotel.com\/es\/servicios-servicios-del-hotel\/restauracion-y-snacking\/\" \/>\n<meta property=\"og:site_name\" content=\"H\u00f4tel Bordeaux HBEO\" \/>\n<meta property=\"article:modified_time\" content=\"2025-07-31T09:26:38+00:00\" \/>\n<meta property=\"og:image\" content=\"https:\/\/www.bordeaux-hotel.com\/wp-content\/uploads\/2022\/12\/breakfast.png\" \/>\n\t<meta property=\"og:image:width\" content=\"178\" \/>\n\t<meta property=\"og:image:height\" content=\"40\" \/>\n\t<meta property=\"og:image:type\" content=\"image\/png\" \/>\n<meta name=\"twitter:card\" content=\"summary_large_image\" \/>\n<meta name=\"twitter:label1\" content=\"Est. reading time\" \/>\n\t<meta name=\"twitter:data1\" content=\"3 minutes\" \/>\n<script type=\"application\/ld+json\" class=\"yoast-schema-graph\">{\"@context\":\"https:\/\/schema.org\",\"@graph\":[{\"@type\":\"WebPage\",\"@id\":\"https:\/\/www.bordeaux-hotel.com\/es\/servicios-servicios-del-hotel\/restauracion-y-snacking\/\",\"url\":\"https:\/\/www.bordeaux-hotel.com\/es\/servicios-servicios-del-hotel\/restauracion-y-snacking\/\",\"name\":\"Restauraci\u00f3n y Snacking - H\u00f4tel Bordeaux HBEO\",\"isPartOf\":{\"@id\":\"https:\/\/www.bordeaux-hotel.com\/es\/#website\"},\"primaryImageOfPage\":{\"@id\":\"https:\/\/www.bordeaux-hotel.com\/es\/servicios-servicios-del-hotel\/restauracion-y-snacking\/#primaryimage\"},\"image\":{\"@id\":\"https:\/\/www.bordeaux-hotel.com\/es\/servicios-servicios-del-hotel\/restauracion-y-snacking\/#primaryimage\"},\"thumbnailUrl\":\"https:\/\/www.bordeaux-hotel.com\/wp-content\/uploads\/2022\/12\/breakfast.png\",\"datePublished\":\"2022-10-31T14:17:24+00:00\",\"dateModified\":\"2025-07-31T09:26:38+00:00\",\"breadcrumb\":{\"@id\":\"https:\/\/www.bordeaux-hotel.com\/es\/servicios-servicios-del-hotel\/restauracion-y-snacking\/#breadcrumb\"},\"inLanguage\":\"es-ES\",\"potentialAction\":[{\"@type\":\"ReadAction\",\"target\":[\"https:\/\/www.bordeaux-hotel.com\/es\/servicios-servicios-del-hotel\/restauracion-y-snacking\/\"]}]},{\"@type\":\"ImageObject\",\"inLanguage\":\"es-ES\",\"@id\":\"https:\/\/www.bordeaux-hotel.com\/es\/servicios-servicios-del-hotel\/restauracion-y-snacking\/#primaryimage\",\"url\":\"https:\/\/www.bordeaux-hotel.com\/wp-content\/uploads\/2022\/12\/breakfast.png\",\"contentUrl\":\"https:\/\/www.bordeaux-hotel.com\/wp-content\/uploads\/2022\/12\/breakfast.png\"},{\"@type\":\"BreadcrumbList\",\"@id\":\"https:\/\/www.bordeaux-hotel.com\/es\/servicios-servicios-del-hotel\/restauracion-y-snacking\/#breadcrumb\",\"itemListElement\":[{\"@type\":\"ListItem\",\"position\":1,\"name\":\"Accueil\",\"item\":\"https:\/\/www.bordeaux-hotel.com\/es\/\"},{\"@type\":\"ListItem\",\"position\":2,\"name\":\"Servicios del hotel\",\"item\":\"https:\/\/www.bordeaux-hotel.com\/es\/servicios-servicios-del-hotel\/\"},{\"@type\":\"ListItem\",\"position\":3,\"name\":\"Restauraci\u00f3n y Snacking\"}]},{\"@type\":\"WebSite\",\"@id\":\"https:\/\/www.bordeaux-hotel.com\/es\/#website\",\"url\":\"https:\/\/www.bordeaux-hotel.com\/es\/\",\"name\":\"H\u00f4tel Bordeaux HBEO\",\"description\":\"Chambres d&#039;h\u00f4tel 4 \u00e9toiles centre ville de Bordeaux\",\"potentialAction\":[{\"@type\":\"SearchAction\",\"target\":{\"@type\":\"EntryPoint\",\"urlTemplate\":\"https:\/\/www.bordeaux-hotel.com\/es\/?s={search_term_string}\"},\"query-input\":{\"@type\":\"PropertyValueSpecification\",\"valueRequired\":true,\"valueName\":\"search_term_string\"}}],\"inLanguage\":\"es-ES\"}]}<\/script>\n<!-- \/ Yoast SEO plugin. -->","yoast_head_json":{"title":"Restauraci\u00f3n y Snacking - H\u00f4tel Bordeaux HBEO","robots":{"index":"index","follow":"follow","max-snippet":"max-snippet:-1","max-image-preview":"max-image-preview:large","max-video-preview":"max-video-preview:-1"},"canonical":"https:\/\/www.bordeaux-hotel.com\/es\/servicios-servicios-del-hotel\/restauracion-y-snacking\/","og_locale":"es_ES","og_type":"article","og_title":"Restauraci\u00f3n y Snacking - H\u00f4tel Bordeaux HBEO","og_url":"https:\/\/www.bordeaux-hotel.com\/es\/servicios-servicios-del-hotel\/restauracion-y-snacking\/","og_site_name":"H\u00f4tel Bordeaux HBEO","article_modified_time":"2025-07-31T09:26:38+00:00","og_image":[{"width":178,"height":40,"url":"https:\/\/www.bordeaux-hotel.com\/wp-content\/uploads\/2022\/12\/breakfast.png","type":"image\/png"}],"twitter_card":"summary_large_image","twitter_misc":{"Est. reading time":"3 minutes"},"schema":{"@context":"https:\/\/schema.org","@graph":[{"@type":"WebPage","@id":"https:\/\/www.bordeaux-hotel.com\/es\/servicios-servicios-del-hotel\/restauracion-y-snacking\/","url":"https:\/\/www.bordeaux-hotel.com\/es\/servicios-servicios-del-hotel\/restauracion-y-snacking\/","name":"Restauraci\u00f3n y Snacking - H\u00f4tel Bordeaux HBEO","isPartOf":{"@id":"https:\/\/www.bordeaux-hotel.com\/es\/#website"},"primaryImageOfPage":{"@id":"https:\/\/www.bordeaux-hotel.com\/es\/servicios-servicios-del-hotel\/restauracion-y-snacking\/#primaryimage"},"image":{"@id":"https:\/\/www.bordeaux-hotel.com\/es\/servicios-servicios-del-hotel\/restauracion-y-snacking\/#primaryimage"},"thumbnailUrl":"https:\/\/www.bordeaux-hotel.com\/wp-content\/uploads\/2022\/12\/breakfast.png","datePublished":"2022-10-31T14:17:24+00:00","dateModified":"2025-07-31T09:26:38+00:00","breadcrumb":{"@id":"https:\/\/www.bordeaux-hotel.com\/es\/servicios-servicios-del-hotel\/restauracion-y-snacking\/#breadcrumb"},"inLanguage":"es-ES","potentialAction":[{"@type":"ReadAction","target":["https:\/\/www.bordeaux-hotel.com\/es\/servicios-servicios-del-hotel\/restauracion-y-snacking\/"]}]},{"@type":"ImageObject","inLanguage":"es-ES","@id":"https:\/\/www.bordeaux-hotel.com\/es\/servicios-servicios-del-hotel\/restauracion-y-snacking\/#primaryimage","url":"https:\/\/www.bordeaux-hotel.com\/wp-content\/uploads\/2022\/12\/breakfast.png","contentUrl":"https:\/\/www.bordeaux-hotel.com\/wp-content\/uploads\/2022\/12\/breakfast.png"},{"@type":"BreadcrumbList","@id":"https:\/\/www.bordeaux-hotel.com\/es\/servicios-servicios-del-hotel\/restauracion-y-snacking\/#breadcrumb","itemListElement":[{"@type":"ListItem","position":1,"name":"Accueil","item":"https:\/\/www.bordeaux-hotel.com\/es\/"},{"@type":"ListItem","position":2,"name":"Servicios del hotel","item":"https:\/\/www.bordeaux-hotel.com\/es\/servicios-servicios-del-hotel\/"},{"@type":"ListItem","position":3,"name":"Restauraci\u00f3n y Snacking"}]},{"@type":"WebSite","@id":"https:\/\/www.bordeaux-hotel.com\/es\/#website","url":"https:\/\/www.bordeaux-hotel.com\/es\/","name":"H\u00f4tel Bordeaux HBEO","description":"Chambres d&#039;h\u00f4tel 4 \u00e9toiles centre ville de Bordeaux","potentialAction":[{"@type":"SearchAction","target":{"@type":"EntryPoint","urlTemplate":"https:\/\/www.bordeaux-hotel.com\/es\/?s={search_term_string}"},"query-input":{"@type":"PropertyValueSpecification","valueRequired":true,"valueName":"search_term_string"}}],"inLanguage":"es-ES"}]}},"_links":{"self":[{"href":"https:\/\/www.bordeaux-hotel.com\/es\/wp-json\/wp\/v2\/pages\/1468","targetHints":{"allow":["GET"]}}],"collection":[{"href":"https:\/\/www.bordeaux-hotel.com\/es\/wp-json\/wp\/v2\/pages"}],"about":[{"href":"https:\/\/www.bordeaux-hotel.com\/es\/wp-json\/wp\/v2\/types\/page"}],"author":[{"embeddable":true,"href":"https:\/\/www.bordeaux-hotel.com\/es\/wp-json\/wp\/v2\/users\/5"}],"replies":[{"embeddable":true,"href":"https:\/\/www.bordeaux-hotel.com\/es\/wp-json\/wp\/v2\/comments?post=1468"}],"version-history":[{"count":13,"href":"https:\/\/www.bordeaux-hotel.com\/es\/wp-json\/wp\/v2\/pages\/1468\/revisions"}],"predecessor-version":[{"id":37371,"href":"https:\/\/www.bordeaux-hotel.com\/es\/wp-json\/wp\/v2\/pages\/1468\/revisions\/37371"}],"up":[{"embeddable":true,"href":"https:\/\/www.bordeaux-hotel.com\/es\/wp-json\/wp\/v2\/pages\/1410"}],"wp:attachment":[{"href":"https:\/\/www.bordeaux-hotel.com\/es\/wp-json\/wp\/v2\/media?parent=1468"}],"curies":[{"name":"wp","href":"https:\/\/api.w.org\/{rel}","templated":true}]}}