{"id":1447,"date":"2022-10-31T16:58:40","date_gmt":"2022-10-31T15:58:40","guid":{"rendered":"https:\/\/hbeo2022.compagnie-hyperactive.net\/?page_id=1447"},"modified":"2026-04-03T16:57:53","modified_gmt":"2026-04-03T14:57:53","slug":"enoturismo","status":"publish","type":"page","link":"https:\/\/www.bordeaux-hotel.com\/es\/prepara-tu-estancia\/enoturismo\/","title":{"rendered":"Enoturismo"},"content":{"rendered":"\n<figure class=\"wp-block-image size-large\"><img decoding=\"async\" width=\"1024\" height=\"597\" src=\"https:\/\/www.bordeaux-hotel.com\/wp-content\/uploads\/2026\/02\/page-oenoutourisme-best-western-premier-hotel-bayonne-etche-ona-bordeaux-1024x597.png\" alt=\"\" class=\"wp-image-37605\" srcset=\"https:\/\/www.bordeaux-hotel.com\/wp-content\/uploads\/2026\/02\/page-oenoutourisme-best-western-premier-hotel-bayonne-etche-ona-bordeaux-1024x597.png 1024w, https:\/\/www.bordeaux-hotel.com\/wp-content\/uploads\/2026\/02\/page-oenoutourisme-best-western-premier-hotel-bayonne-etche-ona-bordeaux-300x175.png 300w, https:\/\/www.bordeaux-hotel.com\/wp-content\/uploads\/2026\/02\/page-oenoutourisme-best-western-premier-hotel-bayonne-etche-ona-bordeaux-768x448.png 768w, https:\/\/www.bordeaux-hotel.com\/wp-content\/uploads\/2026\/02\/page-oenoutourisme-best-western-premier-hotel-bayonne-etche-ona-bordeaux.png 1200w\" sizes=\"(max-width: 1024px) 100vw, 1024px\" \/><\/figure>\n\n\n\n<div style=\"height:20px\" aria-hidden=\"true\" class=\"wp-block-spacer\"><\/div>\n\n\n\n<p><strong>\u00bfQuieres vivir una experiencia \u00fanica alrededor del vino durante tu estancia en Burdeos? El Best Western Premier H\u00f4tel Bayonne Etche-Ona, un hotel de 4 estrellas idealmente ubicado en el coraz\u00f3n de Burdeos, es el punto de partida perfecto para explorar el enoturismo y los vi\u00f1edos de la regi\u00f3n.<\/strong><\/p>\n\n\n\n<div style=\"height:20px\" aria-hidden=\"true\" class=\"wp-block-spacer\"><\/div>\n\n\n\n<h3 class=\"wp-block-heading\">El enoturismo en Burdeos: una inmersi\u00f3n en el universo del vino<\/h3>\n\n\n\n<p>Burdeos es mundialmente reconocida por sus grandes vinos y su excepcional patrimonio vitivin\u00edcola. Aproveche su estancia para descubrir el enoturismo, una actividad imprescindible para todos los amantes del vino y del terru\u00f1o.<\/p>\n\n\n\n<p>En el programa:<\/p>\n\n\n\n<ul class=\"wp-block-list\">\n<li>Visitas a vi\u00f1edos y castillos bordeleses<\/li>\n\n\n\n<li>Cata de vinos en dominios prestigiosos<\/li>\n\n\n\n<li>Talleres de enolog\u00eda y de sumiller\u00eda para perfeccionar sus conocimientos<\/li>\n\n\n\n<li>Descubrimiento de los terroirs, denominaciones y clasificaciones que hacen la fama de Burdeos<\/li>\n<\/ul>\n\n\n\n<div style=\"height:20px\" aria-hidden=\"true\" class=\"wp-block-spacer\"><\/div>\n\n\n\n<h3 class=\"wp-block-heading\">Experiencias enotur\u00edsticas a medida desde su hotel<\/h3>\n\n\n\n<p>Desde nuestro hotel en el centro de Burdeos, salga a descubrir los vi\u00f1edos del M\u00e9doc, de Saint-\u00c9milion, de las Graves o del Entre-deux-Mers.<br>Nuestro equipo le propone un programa diario de actividades enotur\u00edsticas:<\/p>\n\n\n\n<ul class=\"wp-block-list\">\n<li>Visitas guiadas a bodegas y dominios vitivin\u00edcolas<\/li>\n\n\n\n<li>Encuentros con viticultores apasionados<\/li>\n\n\n\n<li>Iniciaci\u00f3n al an\u00e1lisis sensorial y al arte de la cata<\/li>\n\n\n\n<li>Paseos por los vi\u00f1edos para comprender los oficios del vino<\/li>\n<\/ul>\n\n\n\n<p>Nos encargamos de la reserva de sus visitas y talleres (sujeto a disponibilidad) para garantizarle una experiencia aut\u00e9ntica y personalizada.<\/p>\n\n\n\n<div style=\"height:20px\" aria-hidden=\"true\" class=\"wp-block-spacer\"><\/div>\n\n\n\n<h3 class=\"wp-block-heading\">\u00bfPor qu\u00e9 elegir el Best Western Premier H\u00f4tel Bayonne Etche-Ona para su estancia enotur\u00edstica en Burdeos?<\/h3>\n\n\n\n<ul class=\"wp-block-list\">\n<li><strong>Ubicaci\u00f3n central<\/strong>: acceso f\u00e1cil a los principales sitios enotur\u00edsticos de Burdeos y la regi\u00f3n<\/li>\n\n\n\n<li><strong>Confort 4 estrellas<\/strong>: habitaciones elegantes y tranquilas para relajarse despu\u00e9s de un d\u00eda de exploraci\u00f3n<\/li>\n\n\n\n<li><strong>Servicios a medida<\/strong>: asesoramiento, organizaci\u00f3n de sus visitas, reserva de actividades<\/li>\n\n\n\n<li><strong>Estancia aut\u00e9ntica<\/strong>: vive Burdeos como un local, entre patrimonio, gastronom\u00eda y vino<\/li>\n<\/ul>\n\n\n\n<div style=\"height:20px\" aria-hidden=\"true\" class=\"wp-block-spacer\"><\/div>\n\n\n\n<h3 class=\"wp-block-heading\">Reserve su estancia de vino en Burdeos<\/h3>\n\n\n\n<p>\u00bfListo para explorar los vi\u00f1edos de Burdeos y vivir una experiencia enotur\u00edstica inolvidable?<br>Reserve su habitaci\u00f3n en el Best Western Premier H\u00f4tel Bayonne Etche-Ona y d\u00e9jese guiar por nuestro equipo apasionado.<\/p>\n\n\n\n<p><strong>Cont\u00e1ctenos <\/strong>para organizar sus visitas, reservar sus degustaciones y preparar una estancia a medida alrededor del vino en Burdeos.<\/p>\n\n\n\n<div class=\"wp-block-buttons is-layout-flex wp-block-buttons-is-layout-flex\">\n<div class=\"wp-block-button\"><a class=\"wp-block-button__link wp-element-button\" href=\"https:\/\/www.bordeaux-hotel.com\/es\/prepara-tu-estancia\/\" target=\"_blank\" rel=\"noreferrer noopener\">VER TODAS NUESTRAS ESTANCIAS<\/a><\/div>\n<\/div>\n\n\n\n<div class=\"wp-block-buttons is-layout-flex wp-block-buttons-is-layout-flex\">\n<div class=\"wp-block-button is-style-outline is-style-outline--1\"><a class=\"wp-block-button__link wp-element-button\" href=\"https:\/\/www.secure-hotel-booking.com\/smart\/Best-Western-Premier-Bordeaux-Bayonne-Etche-Ona\/JRYX\/es\" target=\"_blank\" rel=\"noreferrer noopener\">Reservar su habitaci\u00f3n<\/a><\/div>\n<\/div>\n\n\n\n<p><\/p>\n\n\n\n<p>Para reservar una de nuestras estancias, te invitamos a reservar tu habitaci\u00f3n con antelaci\u00f3n. Para m\u00e1s informaci\u00f3n o para organizar su d\u00eda, el equipo del Best Western Premier Hotel Bayonne Etche-Ona de Burdeos est\u00e1 a su disposici\u00f3n.<\/p>\n\n\n\n<p><\/p>\n","protected":false},"excerpt":{"rendered":"<p>\u00bfQuieres vivir una experiencia \u00fanica alrededor del vino durante tu estancia en Burdeos? El Best Western Premier H\u00f4tel Bayonne Etche-Ona, un hotel de 4 estrellas idealmente ubicado en el coraz\u00f3n de Burdeos, es el punto de partida perfecto para explorar el enoturismo y los vi\u00f1edos de la regi\u00f3n. El enoturismo en Burdeos: una inmersi\u00f3n en &hellip; <a href=\"https:\/\/www.bordeaux-hotel.com\/es\/prepara-tu-estancia\/enoturismo\/\">Continued<\/a><\/p>\n","protected":false},"author":5,"featured_media":0,"parent":1325,"menu_order":0,"comment_status":"closed","ping_status":"closed","template":"","meta":{"_acf_changed":false,"footnotes":""},"class_list":["post-1447","page","type-page","status-publish","hentry"],"acf":[],"yoast_head":"<!-- This site is optimized with the Yoast SEO plugin v25.3 - https:\/\/yoast.com\/wordpress\/plugins\/seo\/ -->\n<title>Enoturismo - H\u00f4tel Bordeaux HBEO<\/title>\n<meta name=\"robots\" content=\"index, follow, max-snippet:-1, max-image-preview:large, max-video-preview:-1\" \/>\n<link rel=\"canonical\" href=\"https:\/\/www.bordeaux-hotel.com\/es\/prepara-tu-estancia\/enoturismo\/\" \/>\n<meta property=\"og:locale\" content=\"es_ES\" \/>\n<meta property=\"og:type\" content=\"article\" \/>\n<meta property=\"og:title\" content=\"Enoturismo - H\u00f4tel Bordeaux HBEO\" \/>\n<meta property=\"og:description\" content=\"\u00bfQuieres vivir una experiencia \u00fanica alrededor del vino durante tu estancia en Burdeos? El Best Western Premier H\u00f4tel Bayonne Etche-Ona, un hotel de 4 estrellas idealmente ubicado en el coraz\u00f3n de Burdeos, es el punto de partida perfecto para explorar el enoturismo y los vi\u00f1edos de la regi\u00f3n. El enoturismo en Burdeos: una inmersi\u00f3n en &hellip; Continued\" \/>\n<meta property=\"og:url\" content=\"https:\/\/www.bordeaux-hotel.com\/es\/prepara-tu-estancia\/enoturismo\/\" \/>\n<meta property=\"og:site_name\" content=\"H\u00f4tel Bordeaux HBEO\" \/>\n<meta property=\"article:modified_time\" content=\"2026-04-03T14:57:53+00:00\" \/>\n<meta property=\"og:image\" content=\"https:\/\/www.bordeaux-hotel.com\/wp-content\/uploads\/2026\/02\/page-oenoutourisme-best-western-premier-hotel-bayonne-etche-ona-bordeaux.png\" \/>\n\t<meta property=\"og:image:width\" content=\"1200\" \/>\n\t<meta property=\"og:image:height\" content=\"700\" \/>\n\t<meta property=\"og:image:type\" content=\"image\/png\" \/>\n<meta name=\"twitter:card\" content=\"summary_large_image\" \/>\n<meta name=\"twitter:label1\" content=\"Est. reading time\" \/>\n\t<meta name=\"twitter:data1\" content=\"3 minutes\" \/>\n<script type=\"application\/ld+json\" class=\"yoast-schema-graph\">{\"@context\":\"https:\/\/schema.org\",\"@graph\":[{\"@type\":\"WebPage\",\"@id\":\"https:\/\/www.bordeaux-hotel.com\/es\/prepara-tu-estancia\/enoturismo\/\",\"url\":\"https:\/\/www.bordeaux-hotel.com\/es\/prepara-tu-estancia\/enoturismo\/\",\"name\":\"Enoturismo - H\u00f4tel Bordeaux HBEO\",\"isPartOf\":{\"@id\":\"https:\/\/www.bordeaux-hotel.com\/es\/#website\"},\"primaryImageOfPage\":{\"@id\":\"https:\/\/www.bordeaux-hotel.com\/es\/prepara-tu-estancia\/enoturismo\/#primaryimage\"},\"image\":{\"@id\":\"https:\/\/www.bordeaux-hotel.com\/es\/prepara-tu-estancia\/enoturismo\/#primaryimage\"},\"thumbnailUrl\":\"https:\/\/www.bordeaux-hotel.com\/wp-content\/uploads\/2026\/02\/page-oenoutourisme-best-western-premier-hotel-bayonne-etche-ona-bordeaux-1024x597.png\",\"datePublished\":\"2022-10-31T15:58:40+00:00\",\"dateModified\":\"2026-04-03T14:57:53+00:00\",\"breadcrumb\":{\"@id\":\"https:\/\/www.bordeaux-hotel.com\/es\/prepara-tu-estancia\/enoturismo\/#breadcrumb\"},\"inLanguage\":\"es-ES\",\"potentialAction\":[{\"@type\":\"ReadAction\",\"target\":[\"https:\/\/www.bordeaux-hotel.com\/es\/prepara-tu-estancia\/enoturismo\/\"]}]},{\"@type\":\"ImageObject\",\"inLanguage\":\"es-ES\",\"@id\":\"https:\/\/www.bordeaux-hotel.com\/es\/prepara-tu-estancia\/enoturismo\/#primaryimage\",\"url\":\"https:\/\/www.bordeaux-hotel.com\/wp-content\/uploads\/2026\/02\/page-oenoutourisme-best-western-premier-hotel-bayonne-etche-ona-bordeaux-1024x597.png\",\"contentUrl\":\"https:\/\/www.bordeaux-hotel.com\/wp-content\/uploads\/2026\/02\/page-oenoutourisme-best-western-premier-hotel-bayonne-etche-ona-bordeaux-1024x597.png\"},{\"@type\":\"BreadcrumbList\",\"@id\":\"https:\/\/www.bordeaux-hotel.com\/es\/prepara-tu-estancia\/enoturismo\/#breadcrumb\",\"itemListElement\":[{\"@type\":\"ListItem\",\"position\":1,\"name\":\"Accueil\",\"item\":\"https:\/\/www.bordeaux-hotel.com\/es\/\"},{\"@type\":\"ListItem\",\"position\":2,\"name\":\"Prepara su estancia\",\"item\":\"https:\/\/www.bordeaux-hotel.com\/es\/prepara-tu-estancia\/\"},{\"@type\":\"ListItem\",\"position\":3,\"name\":\"Enoturismo\"}]},{\"@type\":\"WebSite\",\"@id\":\"https:\/\/www.bordeaux-hotel.com\/es\/#website\",\"url\":\"https:\/\/www.bordeaux-hotel.com\/es\/\",\"name\":\"H\u00f4tel Bordeaux HBEO\",\"description\":\"Chambres d&#039;h\u00f4tel 4 \u00e9toiles centre ville de Bordeaux\",\"potentialAction\":[{\"@type\":\"SearchAction\",\"target\":{\"@type\":\"EntryPoint\",\"urlTemplate\":\"https:\/\/www.bordeaux-hotel.com\/es\/?s={search_term_string}\"},\"query-input\":{\"@type\":\"PropertyValueSpecification\",\"valueRequired\":true,\"valueName\":\"search_term_string\"}}],\"inLanguage\":\"es-ES\"}]}<\/script>\n<!-- \/ Yoast SEO plugin. -->","yoast_head_json":{"title":"Enoturismo - H\u00f4tel Bordeaux HBEO","robots":{"index":"index","follow":"follow","max-snippet":"max-snippet:-1","max-image-preview":"max-image-preview:large","max-video-preview":"max-video-preview:-1"},"canonical":"https:\/\/www.bordeaux-hotel.com\/es\/prepara-tu-estancia\/enoturismo\/","og_locale":"es_ES","og_type":"article","og_title":"Enoturismo - H\u00f4tel Bordeaux HBEO","og_description":"\u00bfQuieres vivir una experiencia \u00fanica alrededor del vino durante tu estancia en Burdeos? El Best Western Premier H\u00f4tel Bayonne Etche-Ona, un hotel de 4 estrellas idealmente ubicado en el coraz\u00f3n de Burdeos, es el punto de partida perfecto para explorar el enoturismo y los vi\u00f1edos de la regi\u00f3n. El enoturismo en Burdeos: una inmersi\u00f3n en &hellip; Continued","og_url":"https:\/\/www.bordeaux-hotel.com\/es\/prepara-tu-estancia\/enoturismo\/","og_site_name":"H\u00f4tel Bordeaux HBEO","article_modified_time":"2026-04-03T14:57:53+00:00","og_image":[{"width":1200,"height":700,"url":"https:\/\/www.bordeaux-hotel.com\/wp-content\/uploads\/2026\/02\/page-oenoutourisme-best-western-premier-hotel-bayonne-etche-ona-bordeaux.png","type":"image\/png"}],"twitter_card":"summary_large_image","twitter_misc":{"Est. reading time":"3 minutes"},"schema":{"@context":"https:\/\/schema.org","@graph":[{"@type":"WebPage","@id":"https:\/\/www.bordeaux-hotel.com\/es\/prepara-tu-estancia\/enoturismo\/","url":"https:\/\/www.bordeaux-hotel.com\/es\/prepara-tu-estancia\/enoturismo\/","name":"Enoturismo - H\u00f4tel Bordeaux HBEO","isPartOf":{"@id":"https:\/\/www.bordeaux-hotel.com\/es\/#website"},"primaryImageOfPage":{"@id":"https:\/\/www.bordeaux-hotel.com\/es\/prepara-tu-estancia\/enoturismo\/#primaryimage"},"image":{"@id":"https:\/\/www.bordeaux-hotel.com\/es\/prepara-tu-estancia\/enoturismo\/#primaryimage"},"thumbnailUrl":"https:\/\/www.bordeaux-hotel.com\/wp-content\/uploads\/2026\/02\/page-oenoutourisme-best-western-premier-hotel-bayonne-etche-ona-bordeaux-1024x597.png","datePublished":"2022-10-31T15:58:40+00:00","dateModified":"2026-04-03T14:57:53+00:00","breadcrumb":{"@id":"https:\/\/www.bordeaux-hotel.com\/es\/prepara-tu-estancia\/enoturismo\/#breadcrumb"},"inLanguage":"es-ES","potentialAction":[{"@type":"ReadAction","target":["https:\/\/www.bordeaux-hotel.com\/es\/prepara-tu-estancia\/enoturismo\/"]}]},{"@type":"ImageObject","inLanguage":"es-ES","@id":"https:\/\/www.bordeaux-hotel.com\/es\/prepara-tu-estancia\/enoturismo\/#primaryimage","url":"https:\/\/www.bordeaux-hotel.com\/wp-content\/uploads\/2026\/02\/page-oenoutourisme-best-western-premier-hotel-bayonne-etche-ona-bordeaux-1024x597.png","contentUrl":"https:\/\/www.bordeaux-hotel.com\/wp-content\/uploads\/2026\/02\/page-oenoutourisme-best-western-premier-hotel-bayonne-etche-ona-bordeaux-1024x597.png"},{"@type":"BreadcrumbList","@id":"https:\/\/www.bordeaux-hotel.com\/es\/prepara-tu-estancia\/enoturismo\/#breadcrumb","itemListElement":[{"@type":"ListItem","position":1,"name":"Accueil","item":"https:\/\/www.bordeaux-hotel.com\/es\/"},{"@type":"ListItem","position":2,"name":"Prepara su estancia","item":"https:\/\/www.bordeaux-hotel.com\/es\/prepara-tu-estancia\/"},{"@type":"ListItem","position":3,"name":"Enoturismo"}]},{"@type":"WebSite","@id":"https:\/\/www.bordeaux-hotel.com\/es\/#website","url":"https:\/\/www.bordeaux-hotel.com\/es\/","name":"H\u00f4tel Bordeaux HBEO","description":"Chambres d&#039;h\u00f4tel 4 \u00e9toiles centre ville de Bordeaux","potentialAction":[{"@type":"SearchAction","target":{"@type":"EntryPoint","urlTemplate":"https:\/\/www.bordeaux-hotel.com\/es\/?s={search_term_string}"},"query-input":{"@type":"PropertyValueSpecification","valueRequired":true,"valueName":"search_term_string"}}],"inLanguage":"es-ES"}]}},"_links":{"self":[{"href":"https:\/\/www.bordeaux-hotel.com\/es\/wp-json\/wp\/v2\/pages\/1447","targetHints":{"allow":["GET"]}}],"collection":[{"href":"https:\/\/www.bordeaux-hotel.com\/es\/wp-json\/wp\/v2\/pages"}],"about":[{"href":"https:\/\/www.bordeaux-hotel.com\/es\/wp-json\/wp\/v2\/types\/page"}],"author":[{"embeddable":true,"href":"https:\/\/www.bordeaux-hotel.com\/es\/wp-json\/wp\/v2\/users\/5"}],"replies":[{"embeddable":true,"href":"https:\/\/www.bordeaux-hotel.com\/es\/wp-json\/wp\/v2\/comments?post=1447"}],"version-history":[{"count":7,"href":"https:\/\/www.bordeaux-hotel.com\/es\/wp-json\/wp\/v2\/pages\/1447\/revisions"}],"predecessor-version":[{"id":37687,"href":"https:\/\/www.bordeaux-hotel.com\/es\/wp-json\/wp\/v2\/pages\/1447\/revisions\/37687"}],"up":[{"embeddable":true,"href":"https:\/\/www.bordeaux-hotel.com\/es\/wp-json\/wp\/v2\/pages\/1325"}],"wp:attachment":[{"href":"https:\/\/www.bordeaux-hotel.com\/es\/wp-json\/wp\/v2\/media?parent=1447"}],"curies":[{"name":"wp","href":"https:\/\/api.w.org\/{rel}","templated":true}]}}