{"id":1347,"date":"2022-08-19T17:06:49","date_gmt":"2022-08-19T15:06:49","guid":{"rendered":"https:\/\/hbeo2022.compagnie-hyperactive.net\/?page_id=1347"},"modified":"2023-07-20T15:18:13","modified_gmt":"2023-07-20T13:18:13","slug":"contactenos","status":"publish","type":"page","link":"https:\/\/www.bordeaux-hotel.com\/es\/contactenos\/","title":{"rendered":"Cont\u00e1ctenos"},"content":{"rendered":"\n<div class=\"wp-block-group is-layout-constrained wp-container-core-group-is-layout-3e1fd321 wp-block-group-is-layout-constrained\">\n<p>Nuestro hotel se sit\u00faa solamente a 12 minutos en tranv\u00eda (L\u00ednea B- parada Grand Th\u00e9\u00e2thre) de la Estaci\u00f3n de Tren de Burdeos (Gare Saint Jean) pasando por los muelles o a 30 minutos del Aeropuerto de Bordeaux Merignac. Para aquellos de nuestros hu\u00e9spedes que se desplacen en coche, hay dos parkings p\u00fablicos situados a 50 metros.<\/p>\n\n\n\n<p>Nuestro hotel est\u00e1 compuesto de dos edificios del siglo XVIII situados a 40 metros entre s\u00ed.<\/p>\n\n\n\n<div class=\"wp-block-columns is-layout-flex wp-container-core-columns-is-layout-9d6595d7 wp-block-columns-is-layout-flex\">\n<div class=\"wp-block-column is-layout-flow wp-block-column-is-layout-flow\">\n<p><strong>Entrada al edificio \u201cBayonne\u201d par le Cours de L\u2019Intendance :<\/strong><br>4 rue Martignac \/ 15 Cours de l\u2019Intendance<br>33000 Bordeaux<\/p>\n<\/div>\n\n\n\n<div class=\"wp-block-column is-layout-flow wp-block-column-is-layout-flow\">\n<p><strong><strong>Entrada al edificio \u201cEtche-Ona\u201d par les All\u00e9es de Tourny\/Place de la Com\u00e9die :<\/strong><\/strong><br>11 rue Mautrec<br>33000 Bordeaux<\/p>\n<\/div>\n<\/div>\n<\/div>\n\n\n<div class=\"fullsize\">\n  <div class=\"wp-block-visual-item\">\n    <div class=\"visual-item  js--effect-entering\">\n  <div class=\"visual-item__primary\">\n    <img decoding=\"async\" width=\"865\" height=\"920\" src=\"https:\/\/www.bordeaux-hotel.com\/wp-content\/uploads\/2022\/08\/access-hbeo.jpg\" class=\"visual-item__image\" alt=\"\" srcset=\"https:\/\/www.bordeaux-hotel.com\/wp-content\/uploads\/2022\/08\/access-hbeo.jpg 865w, https:\/\/www.bordeaux-hotel.com\/wp-content\/uploads\/2022\/08\/access-hbeo-282x300.jpg 282w, https:\/\/www.bordeaux-hotel.com\/wp-content\/uploads\/2022\/08\/access-hbeo-768x817.jpg 768w\" sizes=\"(max-width: 865px) 100vw, 865px\" \/>\n  <\/div>\n  <div class=\"visual-item__content\">\n    <div class=\"visual-item__header\">\n            <div class=\"visual-item__pretitle\">Best Western Premier H\u00f4tel Bayonne Etche-Ona de Bordeaux<\/div>\n      <div class=\"visual-item__title\">Llegar al hotel Etche-Ona de Bayona<\/div>\n    <\/div>\n\n    <div class=\"visual-item__text\">\n      \n<div class=\"accordion wp-block-accordion\">\n      <div class=\"accordion__item\">\n      <div class=\"accordion__title\">\n        <h3>Si usted viene en coche<\/h3>\n        <span class=\"icon icon-swiper-arrow\"><\/span>\n      <\/div>\n      <div class=\"accordion__content\">Atenci\u00f3n : los GPS a veces no funcionan correctamente en el centro de Burdeos<br \/>\r\n<br \/>\r\nDe Paris, por el Pont d\u2019Aquitaine (Puente de Aquitania), tome la direcci\u00f3n Bordeaux Centre- Ville (Burdeos Centro Ciudad), siga todo recto por el Cours st Louis, Cours Portal, Cours de Verdun, Place Tourny<br \/>\r\n<br \/>\r\n<br \/>\r\nItinerario 1 : Gire a la derecha (en el sem\u00e1foro \/ enfrente de la florister\u00eda) para tomar las all\u00e9es de Tourny (Avenida de Tourny) tome inmediatamente la primera calle a la izquierda, Rue Condillac (haciendo el \u00e1ngulo de la tienda de \u201cVins et Spiritueux Badie et Champagne Badie\u201d). A continuaci\u00f3n gire a la Rue Buffon, la segunda calle a su derecha. Entonces llega a la place des Grands Hommes.<br \/>\r\nBord\u00e9ela y dir\u00edjase a la Rue Voltaire. El acceso est\u00e1 controlado por un pivote autom\u00e1tico. Llame al portero autom\u00e1tico que se encuentra al lado del pivote e informe al Ayuntamiento de que se aloja en el hotel. En caso de problemas, no dude en contactarnos, nosotros le daremos el c\u00f3digo de acceso que podr\u00e1 teclear en el portero autom\u00e1tico. A continuaci\u00f3n gire a la izquierda, Cours de L\u2019Intendance.<br \/>\r\nNuestro hotel es visible por su insignia y est\u00e1 situado encima de la Banca Cr\u00e9dit Lyonnais o banca LCL.<br \/>\r\n<br \/>\r\nLa entrada est\u00e1 en la calle Martignac (\u00faltima calle a la izquierda bajando el Cours de l\u2019Intendance \u2013 esquina de la Banca con la Boutique Aigle) en el n\u00famero 4 a la izquierda. Usted habr\u00e1 llegado al Edificio Bayonne, nuestro edificio Etche Ona se sit\u00faa a 40 metros de \u00e9l, 11 rue Mautrec.\tItinerario 2 : Contin\u00fae todo recto el Cours Georges Clemenceau. Llegando a la Place Gambetta, tome la derecha y a continuaci\u00f3n, siga la Rue Juda\u00efque, despu\u00e9s tome la cuarta calle a su izquierda, la Rue du Ch\u00e2teau d\u2019eau. Conserve la v\u00eda de la izquierda y cuando llegue a una plaza con un gran edificio de la Poste (el equivalente a Correos) a la derecha, gire a la izquierda por la calle Edmond Michelet. Despu\u00e9s, en el sem\u00e1foro, vuelva a girar a la izquierda, rue Nancel Penard, con el fin de remontar a la place Gambetta.<br \/>\r\n<br \/>\r\nA continuaci\u00f3n rodee la place Gambetta por la derecha y dir\u00edjase al Cours de l\u2019Intendance, la segunda calle a la derecha. El acceso est\u00e1 controlado por un pivote autom\u00e1tico. Llame al portero autom\u00e1tico que se encuentra al lado del pivote e informe al Ayuntamiento de que se aloja en el hotel. En caso de problemas, no dude en contactarnos, nosotros le daremos el c\u00f3digo de acceso que podr\u00e1 teclear en el portero autom\u00e1tico. Descienda el Cours de L\u2019Intendance por la izquierda.<br \/>\r\n<br \/>\r\nNuestro hotel es visible por su insignia y est\u00e1 situado encima de la Banca Cr\u00e9dit Lyonnais o banca LCL. La entrada est\u00e1 en la calle Martignac (\u00faltima calle a la izquierda bajando el Cours de l\u2019Intendance \u2013 esquina de la Banca con la Boutique Aigle) en el n\u00famero 4 a la izquierda. Usted habr\u00e1 llegado al Edificio \u00ab Bayonne \u00bb, nuestro edificio \u00ab Etche-Ona \u00bb se sit\u00faa a 40 metros de \u00e9l, 11 rue Mautrec.<br \/>\r\n<br \/>\r\nItinerario 1 : Gire a la derecha (en el sem\u00e1foro \/ enfrente de la florister\u00eda) para tomar las all\u00e9es de Tourny (Avenida de Tourny) tome inmediatamente la primera calle a la izquierda, Rue Condillac (haciendo el \u00e1ngulo de la tienda de \u201cVins et Spiritueux Badie et Champagne Badie\u201d). A continuaci\u00f3n gire a la Rue Buffon, la segunda calle a su derecha. Entonces llega a la place des Grands Hommes.<br \/>\r\nBord\u00e9ela y dir\u00edjase a la Rue Voltaire. El acceso est\u00e1 controlado por un pivote autom\u00e1tico. Llame al portero autom\u00e1tico que se encuentra al lado del pivote e informe al Ayuntamiento de que se aloja en el hotel. En caso de problemas, no dude en contactarnos, nosotros le daremos el c\u00f3digo de acceso que podr\u00e1 teclear en el portero autom\u00e1tico. A continuaci\u00f3n gire a la izquierda, Cours de L\u2019Intendance.<br \/>\r\nNuestro hotel es visible por su insignia y est\u00e1 situado encima de la Banca Cr\u00e9dit Lyonnais o banca LCL.<br \/>\r\n<br \/>\r\nLa entrada est\u00e1 en la calle Martignac (\u00faltima calle a la izquierda bajando el Cours de l\u2019Intendance \u2013 esquina de la Banca con la Boutique Aigle) en el n\u00famero 4 a la izquierda. Usted habr\u00e1 llegado al Edificio Bayonne, nuestro edificio Etche Ona se sit\u00faa a 40 metros de \u00e9l, 11 rue Mautrec.\tItinerario 2 : Contin\u00fae todo recto el Cours Georges Clemenceau. Llegando a la Place Gambetta, tome la derecha y a continuaci\u00f3n, siga la Rue Juda\u00efque, despu\u00e9s tome la cuarta calle a su izquierda, la Rue du Ch\u00e2teau d\u2019eau. Conserve la v\u00eda de la izquierda y cuando llegue a una plaza con un gran edificio de la Poste (el equivalente a Correos) a la derecha, gire a la izquierda por la calle Edmond Michelet. Despu\u00e9s, en el sem\u00e1foro, vuelva a girar a la izquierda, rue Nancel Penard, con el fin de remontar a la place Gambetta.<br \/>\r\n<br \/>\r\nA continuaci\u00f3n rodee la place Gambetta por la derecha y dir\u00edjase al Cours de l\u2019Intendance, la segunda calle a la derecha. El acceso est\u00e1 controlado por un pivote autom\u00e1tico. Llame al portero autom\u00e1tico que se encuentra al lado del pivote e informe al Ayuntamiento de que se aloja en el hotel. En caso de problemas, no dude en contactarnos, nosotros le daremos el c\u00f3digo de acceso que podr\u00e1 teclear en el portero autom\u00e1tico. Descienda el Cours de L\u2019Intendance por la izquierda.<br \/>\r\n<br \/>\r\nNuestro hotel es visible por su insignia y est\u00e1 situado encima de la Banca Cr\u00e9dit Lyonnais o banca LCL. La entrada est\u00e1 en la calle Martignac (\u00faltima calle a la izquierda bajando el Cours de l\u2019Intendance \u2013 esquina de la Banca con la Boutique Aigle) en el n\u00famero 4 a la izquierda. Usted habr\u00e1 llegado al Edificio \u00ab Bayonne \u00bb, nuestro edificio \u00ab Etche-Ona \u00bb se sit\u00faa a 40 metros de \u00e9l, 11 rue Mautrec.<br \/>\r\n<br \/>\r\n<br \/>\r\nDesde Par\u00eds, por el Pont Fran\u00e7ois Mitterrand O Toulouse-Bayonne<br \/>\r\nEntre en la E72 (A630\/E05\/E70\/E72) y contin\u00fae 8,3 Km en direcci\u00f3n \u201cBordeaux Centre\u201d (Burdeos Centro) pasando por los muelles del r\u00edo. Pase la Place de la Bourse y despu\u00e9s gire a la izquierda en el primer sem\u00e1foro en direcci\u00f3n \u201cCentre-Ville\/Office de Tourisme\u201d (Centro Ciudad\/Oficina de turismo). Al comienzo de la Rue Esprit del Lois (a su izquierda se encuentra la \u00d3pera y el Grand Th\u00e9atre), en el sem\u00e1foro y ligeramente a su derecha, tendr\u00e1 les All\u00e9es de Tourny.<br \/>\r\n<br \/>\r\nD\u00e9 la vuelta a esa plaza y contin\u00fae para llegar a la entrada del atrio de la Place de la Com\u00e9die (Grand Th\u00e9atre) y a continuaci\u00f3n gire a la derecha en la rue Mautrec, \u00faltima calle a la derecha (en la esquina est\u00e1 la tienda de Vin l\u2019Intendant), encontrar\u00e1 el edificio \u201cEtche-Ona\u201d a su derecha.<br \/>\r\n<br \/>\r\nPara el edificio \u201cBayonne\u201d, vaya hasta el principio de la rue Mautrec y a continuaci\u00f3n gire a la izquierda, usted estar\u00e1 en la rue Martignac. La recepci\u00f3n le indicar\u00e1 a continuaci\u00f3n el parking.<br \/>\r\n<br \/>\r\n<\/div>\n    <\/div>\n      <div class=\"accordion__item\">\n      <div class=\"accordion__title\">\n        <h3>Usted llega a la Gare Saint-Jean (la estaci\u00f3n de tren)<\/h3>\n        <span class=\"icon icon-swiper-arrow\"><\/span>\n      <\/div>\n      <div class=\"accordion__content\">Taxi o tranv\u00eda (12 minutos de nuestro hotel). <br \/>\r\nTome la l\u00ednea C o D en direcci\u00f3n al centro de la ciudad de Burdeos. Bajarse en la parada &#8220;Quinconces&#8221;. El hotel est\u00e1 a 200 metros.<\/div>\n    <\/div>\n      <div class=\"accordion__item\">\n      <div class=\"accordion__title\">\n        <h3>Si llega al aeropuerto Bordeaux M\u00e9rignac<\/h3>\n        <span class=\"icon icon-swiper-arrow\"><\/span>\n      <\/div>\n      <div class=\"accordion__content\">Tome la l\u00ednea A del tranv\u00eda (45 min de viaje) en direcci\u00f3n a \u201cLa Gardette\u201d o \u201cFloirac\u201d. B\u00e1jese en la parada \u201cH\u00f4tel de ville\u201d. Luego tome el tranv\u00eda B hacia &#8220;Cit\u00e9 du Vin&#8221; o &#8220;Berges de la Garonne&#8221; o &#8220;Claveau&#8221; y b\u00e1jese dos paradas m\u00e1s en &#8220;Grand Th\u00e9\u00e2tre&#8221;.<br \/>\r\n<br \/>\r\nLa rue Martignac, donde se encuentra nuestra Maison Bayonne, est\u00e1 justo en la esquina del banco LCL y la boutique Aigle y la rue Mautrec, con nuestra Maison Etche-Ona, est\u00e1 en la esquina a la derecha de la rue Martignac.<\/div>\n    <\/div>\n  <\/div>\n\n\n\n          <\/div>\n\n    \n    \n      <\/div>\n  <div class=\"visual-item__secondary\">\n    \n  <\/div>\n<\/div>\n  <\/div>\n<\/div>\n\n\n\n<div class=\"wp-block-group alignfull is-layout-flow wp-block-group-is-layout-flow\">\n<div class=\"wp-block-group has-gray-light-background-color has-background is-layout-constrained wp-container-core-group-is-layout-8c3d4172 wp-block-group-is-layout-constrained\" style=\"padding-top:100px;padding-right:0px;padding-bottom:100px;padding-left:0px\">\n<h2 class=\"wp-block-heading\">Formulaire de contact<\/h2>\n\n\n\n<div class=\"wp-block-contact-form-7-contact-form-selector\">\n<div class=\"wpcf7 no-js\" id=\"wpcf7-f634-o1\" lang=\"fr-FR\" dir=\"ltr\" data-wpcf7-id=\"634\">\n<div class=\"screen-reader-response\"><p role=\"status\" aria-live=\"polite\" aria-atomic=\"true\"><\/p> <ul><\/ul><\/div>\n<form action=\"\/es\/wp-json\/wp\/v2\/pages\/1347#wpcf7-f634-o1\" method=\"post\" class=\"wpcf7-form init\" aria-label=\"Contact form\" novalidate=\"novalidate\" data-status=\"init\">\n<fieldset class=\"hidden-fields-container\"><input type=\"hidden\" name=\"_wpcf7\" value=\"634\" \/><input type=\"hidden\" name=\"_wpcf7_version\" value=\"6.1.1\" \/><input type=\"hidden\" name=\"_wpcf7_locale\" value=\"fr_FR\" \/><input type=\"hidden\" name=\"_wpcf7_unit_tag\" value=\"wpcf7-f634-o1\" \/><input type=\"hidden\" name=\"_wpcf7_container_post\" value=\"0\" \/><input type=\"hidden\" name=\"_wpcf7_posted_data_hash\" value=\"\" \/><input type=\"hidden\" name=\"_wpcf7_recaptcha_response\" value=\"\" \/>\n<\/fieldset>\n<span class=\"wpcf7-form-control-wrap\" data-name=\"your-name\"><input size=\"40\" maxlength=\"400\" class=\"wpcf7-form-control wpcf7-text wpcf7-validates-as-required\" aria-required=\"true\" aria-invalid=\"false\" placeholder=\"Pr\u00e9nom \/ Nom\" value=\"\" type=\"text\" name=\"your-name\" \/><\/span>\n<span class=\"wpcf7-form-control-wrap\" data-name=\"your-subject\"><select class=\"wpcf7-form-control wpcf7-select wpcf7-validates-as-required\" aria-required=\"true\" aria-invalid=\"false\" name=\"your-subject\"><option value=\"S\u00e9lectionnez un sujet...\">S\u00e9lectionnez un sujet...<\/option><option value=\"Informations g\u00e9n\u00e9rales\">Informations g\u00e9n\u00e9rales<\/option><option value=\"R\u00e9servation\">R\u00e9servation<\/option><option value=\"S\u00e9minaires &amp; co-working\">S\u00e9minaires &amp; co-working<\/option><\/select><\/span>\n<span class=\"wpcf7-form-control-wrap\" data-name=\"your-phone\"><input size=\"40\" maxlength=\"400\" class=\"wpcf7-form-control wpcf7-tel wpcf7-validates-as-required wpcf7-text wpcf7-validates-as-tel\" aria-required=\"true\" aria-invalid=\"false\" placeholder=\"T\u00e9l\u00e9phone\" value=\"\" type=\"tel\" name=\"your-phone\" \/><\/span>\n<span class=\"wpcf7-form-control-wrap\" data-name=\"your-email\"><input size=\"40\" maxlength=\"400\" class=\"wpcf7-form-control wpcf7-email wpcf7-validates-as-required wpcf7-text wpcf7-validates-as-email\" aria-required=\"true\" aria-invalid=\"false\" placeholder=\"Email\" value=\"\" type=\"email\" name=\"your-email\" \/><\/span>\n<span class=\"wpcf7-form-control-wrap\" data-name=\"your-message\"><textarea cols=\"40\" rows=\"10\" maxlength=\"2000\" class=\"wpcf7-form-control wpcf7-textarea wpcf7-validates-as-required\" aria-required=\"true\" aria-invalid=\"false\" placeholder=\"Message\" name=\"your-message\"><\/textarea><\/span>\n\n<div class=\"wpcf7-form-footer\">\n<div class=\"wpcf7-form-footer__mention\">Tous les champs sont obligatoires. Ces informations sont strictement confidentielles.<\/div>\n<div class=\"wpcf7-form-footer__button\"><input class=\"wpcf7-form-control wpcf7-submit has-spinner button\" type=\"submit\" value=\"Envoyer\" \/><\/div>\n<\/div><p style=\"display: none !important;\" class=\"akismet-fields-container\" data-prefix=\"_wpcf7_ak_\"><label>&#916;<textarea name=\"_wpcf7_ak_hp_textarea\" cols=\"45\" rows=\"8\" maxlength=\"100\"><\/textarea><\/label><input type=\"hidden\" id=\"ak_js_1\" name=\"_wpcf7_ak_js\" value=\"194\"\/><script>document.getElementById( \"ak_js_1\" ).setAttribute( \"value\", ( new Date() ).getTime() );<\/script><\/p><div class=\"wpcf7-response-output\" aria-hidden=\"true\"><\/div>\n<\/form>\n<\/div>\n<\/div>\n\n\n\n<div style=\"height:43px\" aria-hidden=\"true\" class=\"wp-block-spacer\"><\/div>\n\n\n\n<p class=\"has-gray-dark-color has-text-color has-small-font-size\">MENTION LEGALE :<br>Les informations recueillies par l\u2019interm\u00e9diaire de ce formulaire font l\u2019objet d\u2019un traitement informatique destin\u00e9 aux services de l\u2019h\u00f4tel Best Western Premier Bordeaux \u00ab Bayonne Etche-Ona \u00bb. Conform\u00e9ment \u00e0 la loi \u00ab Informatique et Libert\u00e9s \u00bb du 6 janvier 1978 modifi\u00e9e en 2004 et au \u00ab R\u00e8glement n\u00b02016\/679 du Parlement Europ\u00e9en et du Conseil du 27 avril 2016 relatif \u00e0 la protection des personnes physiques \u00e0 l\u2019\u00e9gard du traitement des donn\u00e9es \u00e0 caract\u00e8re personnel et \u00e0 la libre circulation de ces donn\u00e9es \u00bb, vous disposez notamment d\u2019un droit d\u2019acc\u00e8s, de rectification, d\u2019opposition, pour des motifs l\u00e9gitimes, au traitement de vos donn\u00e9es personnelles, et au droit de vous opposer \u00e0 la transmission \u00e0 des tiers d\u2019informations personnelles vous concernant ou \u00e0 la r\u00e9ception d\u2019informations commerciales. Vous disposez \u00e9galement du droit de formuler des directives g\u00e9n\u00e9rales ou particuli\u00e8res \u00e0 la conservation, \u00e0 l\u2019effacement et \u00e0 la communication de vos donn\u00e9es \u00e0 caract\u00e8re personnel. Pour exercer vos droits, veuillez adresser un courriel \u00e0 bayetche@bordeaux-hotel.com. Sans pr\u00e9judice des obligations de conservation ou des d\u00e9lais de souscription, les donn\u00e9es \u00e0 caract\u00e8re personnel ne sont conserv\u00e9es, en base active, sous une forme permettant l\u2019identification, que pendant une dur\u00e9e qui n\u2019exc\u00e8de pas la dur\u00e9e n\u00e9cessaire aux finalit\u00e9s pour lesquelles elles sont collect\u00e9es et trait\u00e9es<\/p>\n<\/div>\n<\/div>\n","protected":false},"excerpt":{"rendered":"<p>Nuestro hotel se sit\u00faa solamente a 12 minutos en tranv\u00eda (L\u00ednea B- parada Grand Th\u00e9\u00e2thre) de la Estaci\u00f3n de Tren de Burdeos (Gare Saint Jean) pasando por los muelles o a 30 minutos del Aeropuerto de Bordeaux Merignac. Para aquellos de nuestros hu\u00e9spedes que se desplacen en coche, hay dos parkings p\u00fablicos situados a 50 &hellip; <a href=\"https:\/\/www.bordeaux-hotel.com\/es\/contactenos\/\">Continued<\/a><\/p>\n","protected":false},"author":5,"featured_media":0,"parent":0,"menu_order":0,"comment_status":"closed","ping_status":"closed","template":"","meta":{"_acf_changed":false,"footnotes":""},"class_list":["post-1347","page","type-page","status-publish","hentry"],"acf":[],"yoast_head":"<!-- This site is optimized with the Yoast SEO plugin v25.3 - https:\/\/yoast.com\/wordpress\/plugins\/seo\/ -->\n<title>Cont\u00e1ctenos - H\u00f4tel Bordeaux HBEO<\/title>\n<meta name=\"robots\" content=\"index, follow, max-snippet:-1, max-image-preview:large, max-video-preview:-1\" \/>\n<link rel=\"canonical\" href=\"https:\/\/www.bordeaux-hotel.com\/es\/contactenos\/\" \/>\n<meta property=\"og:locale\" content=\"es_ES\" \/>\n<meta property=\"og:type\" content=\"article\" \/>\n<meta property=\"og:title\" content=\"Cont\u00e1ctenos - H\u00f4tel Bordeaux HBEO\" \/>\n<meta property=\"og:description\" content=\"Nuestro hotel se sit\u00faa solamente a 12 minutos en tranv\u00eda (L\u00ednea B- parada Grand Th\u00e9\u00e2thre) de la Estaci\u00f3n de Tren de Burdeos (Gare Saint Jean) pasando por los muelles o a 30 minutos del Aeropuerto de Bordeaux Merignac. Para aquellos de nuestros hu\u00e9spedes que se desplacen en coche, hay dos parkings p\u00fablicos situados a 50 &hellip; Continued\" \/>\n<meta property=\"og:url\" content=\"https:\/\/www.bordeaux-hotel.com\/es\/contactenos\/\" \/>\n<meta property=\"og:site_name\" content=\"H\u00f4tel Bordeaux HBEO\" \/>\n<meta property=\"article:modified_time\" content=\"2023-07-20T13:18:13+00:00\" \/>\n<meta name=\"twitter:card\" content=\"summary_large_image\" \/>\n<meta name=\"twitter:label1\" content=\"Est. reading time\" \/>\n\t<meta name=\"twitter:data1\" content=\"2 minutes\" \/>\n<script type=\"application\/ld+json\" class=\"yoast-schema-graph\">{\"@context\":\"https:\/\/schema.org\",\"@graph\":[{\"@type\":\"WebPage\",\"@id\":\"https:\/\/www.bordeaux-hotel.com\/es\/contactenos\/\",\"url\":\"https:\/\/www.bordeaux-hotel.com\/es\/contactenos\/\",\"name\":\"Cont\u00e1ctenos - H\u00f4tel Bordeaux HBEO\",\"isPartOf\":{\"@id\":\"https:\/\/www.bordeaux-hotel.com\/es\/#website\"},\"datePublished\":\"2022-08-19T15:06:49+00:00\",\"dateModified\":\"2023-07-20T13:18:13+00:00\",\"breadcrumb\":{\"@id\":\"https:\/\/www.bordeaux-hotel.com\/es\/contactenos\/#breadcrumb\"},\"inLanguage\":\"es-ES\",\"potentialAction\":[{\"@type\":\"ReadAction\",\"target\":[\"https:\/\/www.bordeaux-hotel.com\/es\/contactenos\/\"]}]},{\"@type\":\"BreadcrumbList\",\"@id\":\"https:\/\/www.bordeaux-hotel.com\/es\/contactenos\/#breadcrumb\",\"itemListElement\":[{\"@type\":\"ListItem\",\"position\":1,\"name\":\"Accueil\",\"item\":\"https:\/\/www.bordeaux-hotel.com\/es\/\"},{\"@type\":\"ListItem\",\"position\":2,\"name\":\"Cont\u00e1ctenos\"}]},{\"@type\":\"WebSite\",\"@id\":\"https:\/\/www.bordeaux-hotel.com\/es\/#website\",\"url\":\"https:\/\/www.bordeaux-hotel.com\/es\/\",\"name\":\"H\u00f4tel Bordeaux HBEO\",\"description\":\"Chambres d&#039;h\u00f4tel 4 \u00e9toiles centre ville de Bordeaux\",\"potentialAction\":[{\"@type\":\"SearchAction\",\"target\":{\"@type\":\"EntryPoint\",\"urlTemplate\":\"https:\/\/www.bordeaux-hotel.com\/es\/?s={search_term_string}\"},\"query-input\":{\"@type\":\"PropertyValueSpecification\",\"valueRequired\":true,\"valueName\":\"search_term_string\"}}],\"inLanguage\":\"es-ES\"}]}<\/script>\n<!-- \/ Yoast SEO plugin. -->","yoast_head_json":{"title":"Cont\u00e1ctenos - H\u00f4tel Bordeaux HBEO","robots":{"index":"index","follow":"follow","max-snippet":"max-snippet:-1","max-image-preview":"max-image-preview:large","max-video-preview":"max-video-preview:-1"},"canonical":"https:\/\/www.bordeaux-hotel.com\/es\/contactenos\/","og_locale":"es_ES","og_type":"article","og_title":"Cont\u00e1ctenos - H\u00f4tel Bordeaux HBEO","og_description":"Nuestro hotel se sit\u00faa solamente a 12 minutos en tranv\u00eda (L\u00ednea B- parada Grand Th\u00e9\u00e2thre) de la Estaci\u00f3n de Tren de Burdeos (Gare Saint Jean) pasando por los muelles o a 30 minutos del Aeropuerto de Bordeaux Merignac. Para aquellos de nuestros hu\u00e9spedes que se desplacen en coche, hay dos parkings p\u00fablicos situados a 50 &hellip; Continued","og_url":"https:\/\/www.bordeaux-hotel.com\/es\/contactenos\/","og_site_name":"H\u00f4tel Bordeaux HBEO","article_modified_time":"2023-07-20T13:18:13+00:00","twitter_card":"summary_large_image","twitter_misc":{"Est. reading time":"2 minutes"},"schema":{"@context":"https:\/\/schema.org","@graph":[{"@type":"WebPage","@id":"https:\/\/www.bordeaux-hotel.com\/es\/contactenos\/","url":"https:\/\/www.bordeaux-hotel.com\/es\/contactenos\/","name":"Cont\u00e1ctenos - H\u00f4tel Bordeaux HBEO","isPartOf":{"@id":"https:\/\/www.bordeaux-hotel.com\/es\/#website"},"datePublished":"2022-08-19T15:06:49+00:00","dateModified":"2023-07-20T13:18:13+00:00","breadcrumb":{"@id":"https:\/\/www.bordeaux-hotel.com\/es\/contactenos\/#breadcrumb"},"inLanguage":"es-ES","potentialAction":[{"@type":"ReadAction","target":["https:\/\/www.bordeaux-hotel.com\/es\/contactenos\/"]}]},{"@type":"BreadcrumbList","@id":"https:\/\/www.bordeaux-hotel.com\/es\/contactenos\/#breadcrumb","itemListElement":[{"@type":"ListItem","position":1,"name":"Accueil","item":"https:\/\/www.bordeaux-hotel.com\/es\/"},{"@type":"ListItem","position":2,"name":"Cont\u00e1ctenos"}]},{"@type":"WebSite","@id":"https:\/\/www.bordeaux-hotel.com\/es\/#website","url":"https:\/\/www.bordeaux-hotel.com\/es\/","name":"H\u00f4tel Bordeaux HBEO","description":"Chambres d&#039;h\u00f4tel 4 \u00e9toiles centre ville de Bordeaux","potentialAction":[{"@type":"SearchAction","target":{"@type":"EntryPoint","urlTemplate":"https:\/\/www.bordeaux-hotel.com\/es\/?s={search_term_string}"},"query-input":{"@type":"PropertyValueSpecification","valueRequired":true,"valueName":"search_term_string"}}],"inLanguage":"es-ES"}]}},"_links":{"self":[{"href":"https:\/\/www.bordeaux-hotel.com\/es\/wp-json\/wp\/v2\/pages\/1347","targetHints":{"allow":["GET"]}}],"collection":[{"href":"https:\/\/www.bordeaux-hotel.com\/es\/wp-json\/wp\/v2\/pages"}],"about":[{"href":"https:\/\/www.bordeaux-hotel.com\/es\/wp-json\/wp\/v2\/types\/page"}],"author":[{"embeddable":true,"href":"https:\/\/www.bordeaux-hotel.com\/es\/wp-json\/wp\/v2\/users\/5"}],"replies":[{"embeddable":true,"href":"https:\/\/www.bordeaux-hotel.com\/es\/wp-json\/wp\/v2\/comments?post=1347"}],"version-history":[{"count":5,"href":"https:\/\/www.bordeaux-hotel.com\/es\/wp-json\/wp\/v2\/pages\/1347\/revisions"}],"predecessor-version":[{"id":6432,"href":"https:\/\/www.bordeaux-hotel.com\/es\/wp-json\/wp\/v2\/pages\/1347\/revisions\/6432"}],"wp:attachment":[{"href":"https:\/\/www.bordeaux-hotel.com\/es\/wp-json\/wp\/v2\/media?parent=1347"}],"curies":[{"name":"wp","href":"https:\/\/api.w.org\/{rel}","templated":true}]}}