{"id":1328,"date":"2022-10-31T16:53:42","date_gmt":"2022-10-31T15:53:42","guid":{"rendered":"https:\/\/hbeo2022.compagnie-hyperactive.net\/?page_id=1328"},"modified":"2026-04-03T16:37:59","modified_gmt":"2026-04-03T14:37:59","slug":"a-lo-largo-de-los-museos","status":"publish","type":"page","link":"https:\/\/www.bordeaux-hotel.com\/es\/prepara-tu-estancia\/a-lo-largo-de-los-museos\/","title":{"rendered":"A lo largo de los museos"},"content":{"rendered":"\n<figure class=\"wp-block-image size-large\"><img decoding=\"async\" width=\"1024\" height=\"682\" src=\"https:\/\/www.bordeaux-hotel.com\/wp-content\/uploads\/2025\/06\/cite-du-vin-bordeaux-best-western-premier-hotel-bayonne-etche-ona-1024x682.jpeg\" alt=\"\" class=\"wp-image-37244\" srcset=\"https:\/\/www.bordeaux-hotel.com\/wp-content\/uploads\/2025\/06\/cite-du-vin-bordeaux-best-western-premier-hotel-bayonne-etche-ona-1024x682.jpeg 1024w, https:\/\/www.bordeaux-hotel.com\/wp-content\/uploads\/2025\/06\/cite-du-vin-bordeaux-best-western-premier-hotel-bayonne-etche-ona-300x200.jpeg 300w, https:\/\/www.bordeaux-hotel.com\/wp-content\/uploads\/2025\/06\/cite-du-vin-bordeaux-best-western-premier-hotel-bayonne-etche-ona-768x512.jpeg 768w, https:\/\/www.bordeaux-hotel.com\/wp-content\/uploads\/2025\/06\/cite-du-vin-bordeaux-best-western-premier-hotel-bayonne-etche-ona.jpeg 1280w\" sizes=\"(max-width: 1024px) 100vw, 1024px\" \/><\/figure>\n\n\n\n<div style=\"height:20px\" aria-hidden=\"true\" class=\"wp-block-spacer\"><\/div>\n\n\n\n<p><strong>Disfrute de su estancia en el Best Western Premier H\u00f4tel Bayonne Etche-Ona, un hotel de 4 estrellas situado en el coraz\u00f3n de Burdeos, para explorar los museos imprescindibles de la ciudad. Gracias a nuestra ubicaci\u00f3n c\u00e9ntrica, la mayor\u00eda de los museos de Burdeos son accesibles a pie o en tranv\u00eda en menos de 15 minutos: ideal para una estancia cultural llena de descubrimientos.<\/strong><\/p>\n\n\n\n<div style=\"height:20px\" aria-hidden=\"true\" class=\"wp-block-spacer\"><\/div>\n\n\n\n<h3 class=\"wp-block-heading\">Los museos para descubrir durante su estancia en Burdeos<\/h3>\n\n\n\n<p><strong>Museo de Aquitania<\/strong><br>A solo 10 minutos a pie del hotel, el Museo de Aquitania narra la historia de Burdeos, desde la prehistoria hasta la actualidad. Objetos, documentos de archivo y exposiciones te sumergen en el patrimonio excepcional de la ciudad.<\/p>\n\n\n\n<p><strong>Museo de Bellas Artes de Burdeos<\/strong><br>Situado detr\u00e1s del Palacio Rohan (ayuntamiento de Burdeos), a 11 minutos a pie del hotel, este museo ofrece una colecci\u00f3n permanente de m\u00e1s de 2.000 pinturas y 650 esculturas europeas desde el siglo XV hasta el XX. Imprescindible para los amantes del arte.<\/p>\n\n\n\n<p><strong>CAPC Museo de Arte Contempor\u00e1neo<\/strong><br>Siguiendo los muelles de Chartrons, descubra el CAPC, museo de arte contempor\u00e1neo de Burdeos, conocido por sus colecciones de arte moderno y sus exposiciones innovadoras.<\/p>\n\n\n\n<p><strong>Museo de Artes Decorativas y Centro Jean Moulin<\/strong><br>A menos de 10 minutos del hotel, estos dos espacios te invitan a explorar la historia de la Segunda Guerra Mundial y las artes decorativas a trav\u00e9s de colecciones \u00fanicas. Informaci\u00f3n y tarifas disponibles en los sitios web de los museos.<\/p>\n\n\n\n<p><strong>Museo del Vino y de las Civilizaciones de Burdeo<\/strong>s<br>Accesible en 14 minutos en tranv\u00eda desde el hotel, este museo te sumerge en el mundo del vino de Burdeos y las civilizaciones que han moldeado la regi\u00f3n. Aprovecha para una degustaci\u00f3n y un descubrimiento sensorial.<\/p>\n\n\n\n<div style=\"height:20px\" aria-hidden=\"true\" class=\"wp-block-spacer\"><\/div>\n\n\n\n<h3 class=\"wp-block-heading\">Vive Burdeos de otra manera: patrimonio, cultura y arte al alcance de la manoture et art \u00e0 port\u00e9e de main<\/h3>\n\n\n\n<p>Despu\u00e9s de su visita a los museos, reg\u00e1lese un paseo por los muelles o s\u00fabase a una lanzadera fluvial \u00ab Le Bato \u00bb para admirar Burdeos desde el r\u00edo y disfrutar de uno de los patrimonios m\u00e1s bellos del siglo XVIII en Europa.<\/p>\n\n\n\n<div style=\"height:20px\" aria-hidden=\"true\" class=\"wp-block-spacer\"><\/div>\n\n\n\n<h3 class=\"wp-block-heading\">\u00bfPor qu\u00e9 elegir el Best Western Premier H\u00f4tel Bayonne Etche-Ona para una estancia cultural en Burdeos?<\/h3>\n\n\n\n<ul class=\"wp-block-list\">\n<li><strong>Ubicaci\u00f3n central<\/strong>: acceso r\u00e1pido a todos los museos de Burdeos a pie o en tranv\u00eda.<\/li>\n\n\n\n<li><strong>Confort 4 estrellas<\/strong>: habitaciones elegantes y tranquilas, perfectas para relajarse despu\u00e9s de un d\u00eda cultural.<\/li>\n\n\n\n<li><strong>Consejos personalizados<\/strong>: nuestro equipo le gu\u00eda en la organizaci\u00f3n de sus visitas y le informa sobre las exposiciones y eventos culturales.<\/li>\n\n\n\n<li><strong>Experiencia a medida<\/strong>: disfrute de una estancia que combina descubrimiento, patrimonio y relajaci\u00f3n.<\/li>\n<\/ul>\n\n\n\n<div style=\"height:20px\" aria-hidden=\"true\" class=\"wp-block-spacer\"><\/div>\n\n\n\n<h3 class=\"wp-block-heading\">Prepare su estancia en Burdeos y reserve su habitaci\u00f3n<\/h3>\n\n\n\n<p>\u00bfQuieres descubrir Burdeos a trav\u00e9s de sus museos? Reserva tu estancia en el Best Western Premier H\u00f4tel Bayonne Etche-Ona y vive una experiencia cultural \u00fanica en el centro de la ciudad.<\/p>\n\n\n\n<p>Cont\u00e1ctenos para cualquier consulta o para organizar su d\u00eda cultural en Burdeos.<\/p>\n\n\n\n<p><\/p>\n\n\n\n<div class=\"wp-block-buttons is-layout-flex wp-block-buttons-is-layout-flex\">\n<div class=\"wp-block-button\"><a class=\"wp-block-button__link wp-element-button\" href=\"https:\/\/www.bordeaux-hotel.com\/es\/prepara-tu-estancia\/\" target=\"_blank\" rel=\"noreferrer noopener\">VER TODAS NUESTRAS ESTANCIAS<\/a><\/div>\n<\/div>\n\n\n\n<div class=\"wp-block-buttons is-layout-flex wp-block-buttons-is-layout-flex\">\n<div class=\"wp-block-button is-style-outline is-style-outline--1\"><a class=\"wp-block-button__link wp-element-button\" href=\"https:\/\/www.secure-hotel-booking.com\/smart\/Best-Western-Premier-Bordeaux-Bayonne-Etche-Ona\/JRYX\/es\" target=\"_blank\" rel=\"noreferrer noopener\">Reservar su habitaci\u00f3n<\/a><\/div>\n<\/div>\n\n\n\n<p><\/p>\n\n\n\n<p>Para reservar una de nuestras estancias, te invitamos a reservar tu habitaci\u00f3n con antelaci\u00f3n. Para m\u00e1s informaci\u00f3n o para organizar su d\u00eda, el equipo del Best Western Premier Hotel Bayonne Etche-Ona de Burdeos est\u00e1 a su disposici\u00f3n.<\/p>\n\n\n\n<p><\/p>\n","protected":false},"excerpt":{"rendered":"<p>Disfrute de su estancia en el Best Western Premier H\u00f4tel Bayonne Etche-Ona, un hotel de 4 estrellas situado en el coraz\u00f3n de Burdeos, para explorar los museos imprescindibles de la ciudad. Gracias a nuestra ubicaci\u00f3n c\u00e9ntrica, la mayor\u00eda de los museos de Burdeos son accesibles a pie o en tranv\u00eda en menos de 15 minutos: &hellip; <a href=\"https:\/\/www.bordeaux-hotel.com\/es\/prepara-tu-estancia\/a-lo-largo-de-los-museos\/\">Continued<\/a><\/p>\n","protected":false},"author":5,"featured_media":0,"parent":1325,"menu_order":0,"comment_status":"closed","ping_status":"closed","template":"","meta":{"_acf_changed":false,"footnotes":""},"class_list":["post-1328","page","type-page","status-publish","hentry"],"acf":[],"yoast_head":"<!-- This site is optimized with the Yoast SEO plugin v25.3 - https:\/\/yoast.com\/wordpress\/plugins\/seo\/ -->\n<title>A lo largo de los museos - H\u00f4tel Bordeaux HBEO<\/title>\n<meta name=\"robots\" content=\"index, follow, max-snippet:-1, max-image-preview:large, max-video-preview:-1\" \/>\n<link rel=\"canonical\" href=\"https:\/\/www.bordeaux-hotel.com\/es\/prepara-tu-estancia\/a-lo-largo-de-los-museos\/\" \/>\n<meta property=\"og:locale\" content=\"es_ES\" \/>\n<meta property=\"og:type\" content=\"article\" \/>\n<meta property=\"og:title\" content=\"A lo largo de los museos - H\u00f4tel Bordeaux HBEO\" \/>\n<meta property=\"og:description\" content=\"Disfrute de su estancia en el Best Western Premier H\u00f4tel Bayonne Etche-Ona, un hotel de 4 estrellas situado en el coraz\u00f3n de Burdeos, para explorar los museos imprescindibles de la ciudad. Gracias a nuestra ubicaci\u00f3n c\u00e9ntrica, la mayor\u00eda de los museos de Burdeos son accesibles a pie o en tranv\u00eda en menos de 15 minutos: &hellip; Continued\" \/>\n<meta property=\"og:url\" content=\"https:\/\/www.bordeaux-hotel.com\/es\/prepara-tu-estancia\/a-lo-largo-de-los-museos\/\" \/>\n<meta property=\"og:site_name\" content=\"H\u00f4tel Bordeaux HBEO\" \/>\n<meta property=\"article:modified_time\" content=\"2026-04-03T14:37:59+00:00\" \/>\n<meta property=\"og:image\" content=\"https:\/\/www.bordeaux-hotel.com\/wp-content\/uploads\/2025\/06\/cite-du-vin-bordeaux-best-western-premier-hotel-bayonne-etche-ona.jpeg\" \/>\n\t<meta property=\"og:image:width\" content=\"1280\" \/>\n\t<meta property=\"og:image:height\" content=\"853\" \/>\n\t<meta property=\"og:image:type\" content=\"image\/jpeg\" \/>\n<meta name=\"twitter:card\" content=\"summary_large_image\" \/>\n<meta name=\"twitter:label1\" content=\"Est. reading time\" \/>\n\t<meta name=\"twitter:data1\" content=\"3 minutes\" \/>\n<script type=\"application\/ld+json\" class=\"yoast-schema-graph\">{\"@context\":\"https:\/\/schema.org\",\"@graph\":[{\"@type\":\"WebPage\",\"@id\":\"https:\/\/www.bordeaux-hotel.com\/es\/prepara-tu-estancia\/a-lo-largo-de-los-museos\/\",\"url\":\"https:\/\/www.bordeaux-hotel.com\/es\/prepara-tu-estancia\/a-lo-largo-de-los-museos\/\",\"name\":\"A lo largo de los museos - H\u00f4tel Bordeaux HBEO\",\"isPartOf\":{\"@id\":\"https:\/\/www.bordeaux-hotel.com\/es\/#website\"},\"primaryImageOfPage\":{\"@id\":\"https:\/\/www.bordeaux-hotel.com\/es\/prepara-tu-estancia\/a-lo-largo-de-los-museos\/#primaryimage\"},\"image\":{\"@id\":\"https:\/\/www.bordeaux-hotel.com\/es\/prepara-tu-estancia\/a-lo-largo-de-los-museos\/#primaryimage\"},\"thumbnailUrl\":\"https:\/\/www.bordeaux-hotel.com\/wp-content\/uploads\/2025\/06\/cite-du-vin-bordeaux-best-western-premier-hotel-bayonne-etche-ona-1024x682.jpeg\",\"datePublished\":\"2022-10-31T15:53:42+00:00\",\"dateModified\":\"2026-04-03T14:37:59+00:00\",\"breadcrumb\":{\"@id\":\"https:\/\/www.bordeaux-hotel.com\/es\/prepara-tu-estancia\/a-lo-largo-de-los-museos\/#breadcrumb\"},\"inLanguage\":\"es-ES\",\"potentialAction\":[{\"@type\":\"ReadAction\",\"target\":[\"https:\/\/www.bordeaux-hotel.com\/es\/prepara-tu-estancia\/a-lo-largo-de-los-museos\/\"]}]},{\"@type\":\"ImageObject\",\"inLanguage\":\"es-ES\",\"@id\":\"https:\/\/www.bordeaux-hotel.com\/es\/prepara-tu-estancia\/a-lo-largo-de-los-museos\/#primaryimage\",\"url\":\"https:\/\/www.bordeaux-hotel.com\/wp-content\/uploads\/2025\/06\/cite-du-vin-bordeaux-best-western-premier-hotel-bayonne-etche-ona-1024x682.jpeg\",\"contentUrl\":\"https:\/\/www.bordeaux-hotel.com\/wp-content\/uploads\/2025\/06\/cite-du-vin-bordeaux-best-western-premier-hotel-bayonne-etche-ona-1024x682.jpeg\"},{\"@type\":\"BreadcrumbList\",\"@id\":\"https:\/\/www.bordeaux-hotel.com\/es\/prepara-tu-estancia\/a-lo-largo-de-los-museos\/#breadcrumb\",\"itemListElement\":[{\"@type\":\"ListItem\",\"position\":1,\"name\":\"Accueil\",\"item\":\"https:\/\/www.bordeaux-hotel.com\/es\/\"},{\"@type\":\"ListItem\",\"position\":2,\"name\":\"Prepara su estancia\",\"item\":\"https:\/\/www.bordeaux-hotel.com\/es\/prepara-tu-estancia\/\"},{\"@type\":\"ListItem\",\"position\":3,\"name\":\"A lo largo de los museos\"}]},{\"@type\":\"WebSite\",\"@id\":\"https:\/\/www.bordeaux-hotel.com\/es\/#website\",\"url\":\"https:\/\/www.bordeaux-hotel.com\/es\/\",\"name\":\"H\u00f4tel Bordeaux HBEO\",\"description\":\"Chambres d&#039;h\u00f4tel 4 \u00e9toiles centre ville de Bordeaux\",\"potentialAction\":[{\"@type\":\"SearchAction\",\"target\":{\"@type\":\"EntryPoint\",\"urlTemplate\":\"https:\/\/www.bordeaux-hotel.com\/es\/?s={search_term_string}\"},\"query-input\":{\"@type\":\"PropertyValueSpecification\",\"valueRequired\":true,\"valueName\":\"search_term_string\"}}],\"inLanguage\":\"es-ES\"}]}<\/script>\n<!-- \/ Yoast SEO plugin. -->","yoast_head_json":{"title":"A lo largo de los museos - H\u00f4tel Bordeaux HBEO","robots":{"index":"index","follow":"follow","max-snippet":"max-snippet:-1","max-image-preview":"max-image-preview:large","max-video-preview":"max-video-preview:-1"},"canonical":"https:\/\/www.bordeaux-hotel.com\/es\/prepara-tu-estancia\/a-lo-largo-de-los-museos\/","og_locale":"es_ES","og_type":"article","og_title":"A lo largo de los museos - H\u00f4tel Bordeaux HBEO","og_description":"Disfrute de su estancia en el Best Western Premier H\u00f4tel Bayonne Etche-Ona, un hotel de 4 estrellas situado en el coraz\u00f3n de Burdeos, para explorar los museos imprescindibles de la ciudad. Gracias a nuestra ubicaci\u00f3n c\u00e9ntrica, la mayor\u00eda de los museos de Burdeos son accesibles a pie o en tranv\u00eda en menos de 15 minutos: &hellip; Continued","og_url":"https:\/\/www.bordeaux-hotel.com\/es\/prepara-tu-estancia\/a-lo-largo-de-los-museos\/","og_site_name":"H\u00f4tel Bordeaux HBEO","article_modified_time":"2026-04-03T14:37:59+00:00","og_image":[{"width":1280,"height":853,"url":"https:\/\/www.bordeaux-hotel.com\/wp-content\/uploads\/2025\/06\/cite-du-vin-bordeaux-best-western-premier-hotel-bayonne-etche-ona.jpeg","type":"image\/jpeg"}],"twitter_card":"summary_large_image","twitter_misc":{"Est. reading time":"3 minutes"},"schema":{"@context":"https:\/\/schema.org","@graph":[{"@type":"WebPage","@id":"https:\/\/www.bordeaux-hotel.com\/es\/prepara-tu-estancia\/a-lo-largo-de-los-museos\/","url":"https:\/\/www.bordeaux-hotel.com\/es\/prepara-tu-estancia\/a-lo-largo-de-los-museos\/","name":"A lo largo de los museos - H\u00f4tel Bordeaux HBEO","isPartOf":{"@id":"https:\/\/www.bordeaux-hotel.com\/es\/#website"},"primaryImageOfPage":{"@id":"https:\/\/www.bordeaux-hotel.com\/es\/prepara-tu-estancia\/a-lo-largo-de-los-museos\/#primaryimage"},"image":{"@id":"https:\/\/www.bordeaux-hotel.com\/es\/prepara-tu-estancia\/a-lo-largo-de-los-museos\/#primaryimage"},"thumbnailUrl":"https:\/\/www.bordeaux-hotel.com\/wp-content\/uploads\/2025\/06\/cite-du-vin-bordeaux-best-western-premier-hotel-bayonne-etche-ona-1024x682.jpeg","datePublished":"2022-10-31T15:53:42+00:00","dateModified":"2026-04-03T14:37:59+00:00","breadcrumb":{"@id":"https:\/\/www.bordeaux-hotel.com\/es\/prepara-tu-estancia\/a-lo-largo-de-los-museos\/#breadcrumb"},"inLanguage":"es-ES","potentialAction":[{"@type":"ReadAction","target":["https:\/\/www.bordeaux-hotel.com\/es\/prepara-tu-estancia\/a-lo-largo-de-los-museos\/"]}]},{"@type":"ImageObject","inLanguage":"es-ES","@id":"https:\/\/www.bordeaux-hotel.com\/es\/prepara-tu-estancia\/a-lo-largo-de-los-museos\/#primaryimage","url":"https:\/\/www.bordeaux-hotel.com\/wp-content\/uploads\/2025\/06\/cite-du-vin-bordeaux-best-western-premier-hotel-bayonne-etche-ona-1024x682.jpeg","contentUrl":"https:\/\/www.bordeaux-hotel.com\/wp-content\/uploads\/2025\/06\/cite-du-vin-bordeaux-best-western-premier-hotel-bayonne-etche-ona-1024x682.jpeg"},{"@type":"BreadcrumbList","@id":"https:\/\/www.bordeaux-hotel.com\/es\/prepara-tu-estancia\/a-lo-largo-de-los-museos\/#breadcrumb","itemListElement":[{"@type":"ListItem","position":1,"name":"Accueil","item":"https:\/\/www.bordeaux-hotel.com\/es\/"},{"@type":"ListItem","position":2,"name":"Prepara su estancia","item":"https:\/\/www.bordeaux-hotel.com\/es\/prepara-tu-estancia\/"},{"@type":"ListItem","position":3,"name":"A lo largo de los museos"}]},{"@type":"WebSite","@id":"https:\/\/www.bordeaux-hotel.com\/es\/#website","url":"https:\/\/www.bordeaux-hotel.com\/es\/","name":"H\u00f4tel Bordeaux HBEO","description":"Chambres d&#039;h\u00f4tel 4 \u00e9toiles centre ville de Bordeaux","potentialAction":[{"@type":"SearchAction","target":{"@type":"EntryPoint","urlTemplate":"https:\/\/www.bordeaux-hotel.com\/es\/?s={search_term_string}"},"query-input":{"@type":"PropertyValueSpecification","valueRequired":true,"valueName":"search_term_string"}}],"inLanguage":"es-ES"}]}},"_links":{"self":[{"href":"https:\/\/www.bordeaux-hotel.com\/es\/wp-json\/wp\/v2\/pages\/1328","targetHints":{"allow":["GET"]}}],"collection":[{"href":"https:\/\/www.bordeaux-hotel.com\/es\/wp-json\/wp\/v2\/pages"}],"about":[{"href":"https:\/\/www.bordeaux-hotel.com\/es\/wp-json\/wp\/v2\/types\/page"}],"author":[{"embeddable":true,"href":"https:\/\/www.bordeaux-hotel.com\/es\/wp-json\/wp\/v2\/users\/5"}],"replies":[{"embeddable":true,"href":"https:\/\/www.bordeaux-hotel.com\/es\/wp-json\/wp\/v2\/comments?post=1328"}],"version-history":[{"count":10,"href":"https:\/\/www.bordeaux-hotel.com\/es\/wp-json\/wp\/v2\/pages\/1328\/revisions"}],"predecessor-version":[{"id":37678,"href":"https:\/\/www.bordeaux-hotel.com\/es\/wp-json\/wp\/v2\/pages\/1328\/revisions\/37678"}],"up":[{"embeddable":true,"href":"https:\/\/www.bordeaux-hotel.com\/es\/wp-json\/wp\/v2\/pages\/1325"}],"wp:attachment":[{"href":"https:\/\/www.bordeaux-hotel.com\/es\/wp-json\/wp\/v2\/media?parent=1328"}],"curies":[{"name":"wp","href":"https:\/\/api.w.org\/{rel}","templated":true}]}}